{"id":10071,"date":"2025-01-21T21:06:45","date_gmt":"2025-01-21T20:06:45","guid":{"rendered":"https:\/\/grafibulle.net\/happy-graphics\/?page_id=10071"},"modified":"2026-01-08T17:00:53","modified_gmt":"2026-01-08T16:00:53","slug":"ateliers-2","status":"publish","type":"page","link":"https:\/\/grafibulle.net\/happy-graphics\/ateliers-2\/","title":{"rendered":"Ateliers"},"content":{"rendered":"\n<div class=\"wp-block-columns is-layout-flex wp-container-core-columns-is-layout-28f84493 wp-block-columns-is-layout-flex\">\n<div class=\"wp-block-column is-layout-flow wp-block-column-is-layout-flow\" style=\"flex-basis:100%\">\n<div class=\"wp-block-columns is-layout-flex wp-container-core-columns-is-layout-28f84493 wp-block-columns-is-layout-flex\">\n<div class=\"wp-block-column is-layout-flow wp-block-column-is-layout-flow\"><\/div>\n\n\n\n<div class=\"wp-block-column is-layout-flow wp-block-column-is-layout-flow\">\n<figure class=\"wp-block-image size-large\"><img data-recalc-dims=\"1\" loading=\"lazy\" decoding=\"async\" width=\"951\" height=\"1024\" data-attachment-id=\"7890\" data-permalink=\"https:\/\/grafibulle.net\/happy-graphics\/img_0148\/\" data-orig-file=\"https:\/\/i0.wp.com\/grafibulle.net\/happy-graphics\/wp-content\/uploads\/2023\/12\/IMG_0148.png?fit=972%2C1047&amp;ssl=1\" data-orig-size=\"972,1047\" data-comments-opened=\"1\" data-image-meta=\"{&quot;aperture&quot;:&quot;0&quot;,&quot;credit&quot;:&quot;&quot;,&quot;camera&quot;:&quot;&quot;,&quot;caption&quot;:&quot;&quot;,&quot;created_timestamp&quot;:&quot;0&quot;,&quot;copyright&quot;:&quot;&quot;,&quot;focal_length&quot;:&quot;0&quot;,&quot;iso&quot;:&quot;0&quot;,&quot;shutter_speed&quot;:&quot;0&quot;,&quot;title&quot;:&quot;&quot;,&quot;orientation&quot;:&quot;0&quot;}\" data-image-title=\"ateliers animations autour du dessin\" data-image-description=\"\" data-image-caption=\"&lt;p&gt;ateliers animations autour du dessin&lt;\/p&gt;\n\" data-large-file=\"https:\/\/i0.wp.com\/grafibulle.net\/happy-graphics\/wp-content\/uploads\/2023\/12\/IMG_0148.png?fit=951%2C1024&amp;ssl=1\" src=\"https:\/\/i0.wp.com\/grafibulle.net\/happy-graphics\/wp-content\/uploads\/2023\/12\/IMG_0148.png?resize=951%2C1024&#038;ssl=1\" alt=\"ateliers animations autour du dessin\" class=\"wp-image-7890\" srcset=\"https:\/\/i0.wp.com\/grafibulle.net\/happy-graphics\/wp-content\/uploads\/2023\/12\/IMG_0148.png?resize=951%2C1024&amp;ssl=1 951w, https:\/\/i0.wp.com\/grafibulle.net\/happy-graphics\/wp-content\/uploads\/2023\/12\/IMG_0148.png?resize=279%2C300&amp;ssl=1 279w, https:\/\/i0.wp.com\/grafibulle.net\/happy-graphics\/wp-content\/uploads\/2023\/12\/IMG_0148.png?resize=768%2C827&amp;ssl=1 768w, https:\/\/i0.wp.com\/grafibulle.net\/happy-graphics\/wp-content\/uploads\/2023\/12\/IMG_0148.png?resize=600%2C646&amp;ssl=1 600w, https:\/\/i0.wp.com\/grafibulle.net\/happy-graphics\/wp-content\/uploads\/2023\/12\/IMG_0148.png?w=972&amp;ssl=1 972w\" sizes=\"auto, (max-width: 951px) 100vw, 951px\" \/><\/figure>\n<\/div>\n\n\n\n<div class=\"wp-block-column is-layout-flow wp-block-column-is-layout-flow\"><\/div>\n<\/div>\n<\/div>\n<\/div>\n\n\n\n<p style=\"text-align: center;\"><strong>Ateliers autour du dessin<\/strong><br>Vous trouverez les animations que je propose pour (re)apprendre \u00e0 dessiner\u2026 En pr\u00e9sentiel ou non !<\/p>\n\n\n\n<div class=\"wp-block-columns is-layout-flex wp-container-core-columns-is-layout-28f84493 wp-block-columns-is-layout-flex\">\n<div class=\"wp-block-column is-layout-flow wp-block-column-is-layout-flow\" style=\"flex-basis:100%\">\n\n\n<div class=\"wp-block-columns is-layout-flex wp-container-core-columns-is-layout-28f84493 wp-block-columns-is-layout-flex\">\n<div class=\"wp-block-column is-layout-flow wp-block-column-is-layout-flow\"><div class=\"wp-block-image\">\n<figure class=\"aligncenter size-full is-resized\"><a href=\"https:\/\/grafibulle.net\/happy-graphics\/ateliers-creatifs-peyrine\/\"><img data-recalc-dims=\"1\" loading=\"lazy\" decoding=\"async\" width=\"1066\" height=\"1000\" data-attachment-id=\"10045\" data-permalink=\"https:\/\/grafibulle.net\/happy-graphics\/products\/renard-dessinateur\/renard-atelier-dessin\/\" data-orig-file=\"https:\/\/i0.wp.com\/grafibulle.net\/happy-graphics\/wp-content\/uploads\/2025\/01\/IMG_1204.jpg?fit=1066%2C1000&amp;ssl=1\" data-orig-size=\"1066,1000\" data-comments-opened=\"1\" data-image-meta=\"{&quot;aperture&quot;:&quot;0&quot;,&quot;credit&quot;:&quot;&quot;,&quot;camera&quot;:&quot;&quot;,&quot;caption&quot;:&quot;&quot;,&quot;created_timestamp&quot;:&quot;0&quot;,&quot;copyright&quot;:&quot;&quot;,&quot;focal_length&quot;:&quot;0&quot;,&quot;iso&quot;:&quot;0&quot;,&quot;shutter_speed&quot;:&quot;0&quot;,&quot;title&quot;:&quot;Renard, Atelier Dessin&quot;,&quot;orientation&quot;:&quot;0&quot;}\" data-image-title=\"Renard, Atelier Dessin\" data-image-description=\"\" data-image-caption=\"\" data-large-file=\"https:\/\/i0.wp.com\/grafibulle.net\/happy-graphics\/wp-content\/uploads\/2025\/01\/IMG_1204.jpg?fit=1024%2C961&amp;ssl=1\" src=\"https:\/\/i0.wp.com\/grafibulle.net\/happy-graphics\/wp-content\/uploads\/2025\/01\/IMG_1204.jpg?resize=1066%2C1000&#038;ssl=1\" alt=\"\" class=\"wp-image-10045\" style=\"aspect-ratio:1.066006414945698;width:240px;height:auto\" srcset=\"https:\/\/i0.wp.com\/grafibulle.net\/happy-graphics\/wp-content\/uploads\/2025\/01\/IMG_1204.jpg?w=1066&amp;ssl=1 1066w, https:\/\/i0.wp.com\/grafibulle.net\/happy-graphics\/wp-content\/uploads\/2025\/01\/IMG_1204.jpg?resize=300%2C281&amp;ssl=1 300w, https:\/\/i0.wp.com\/grafibulle.net\/happy-graphics\/wp-content\/uploads\/2025\/01\/IMG_1204.jpg?resize=1024%2C961&amp;ssl=1 1024w, https:\/\/i0.wp.com\/grafibulle.net\/happy-graphics\/wp-content\/uploads\/2025\/01\/IMG_1204.jpg?resize=768%2C720&amp;ssl=1 768w\" sizes=\"auto, (max-width: 1066px) 100vw, 1066px\" \/><\/a><\/figure>\n<\/div><\/div>\n\n\n\n<div class=\"wp-block-column is-layout-flow wp-block-column-is-layout-flow\"><div class=\"wp-block-image\">\n<figure class=\"aligncenter size-full is-resized\"><a href=\"https:\/\/grafibulle.net\/happy-graphics\/ateliers-dessin-souvenirs\/\"><img data-recalc-dims=\"1\" loading=\"lazy\" decoding=\"async\" width=\"750\" height=\"750\" data-attachment-id=\"13985\" data-permalink=\"https:\/\/grafibulle.net\/happy-graphics\/atelier-2\/\" data-orig-file=\"https:\/\/i0.wp.com\/grafibulle.net\/happy-graphics\/wp-content\/uploads\/2026\/01\/atelier-edited.webp?fit=750%2C750&amp;ssl=1\" data-orig-size=\"750,750\" data-comments-opened=\"1\" data-image-meta=\"{&quot;aperture&quot;:&quot;0&quot;,&quot;credit&quot;:&quot;&quot;,&quot;camera&quot;:&quot;&quot;,&quot;caption&quot;:&quot;&quot;,&quot;created_timestamp&quot;:&quot;0&quot;,&quot;copyright&quot;:&quot;&quot;,&quot;focal_length&quot;:&quot;0&quot;,&quot;iso&quot;:&quot;0&quot;,&quot;shutter_speed&quot;:&quot;0&quot;,&quot;title&quot;:&quot;&quot;,&quot;orientation&quot;:&quot;0&quot;}\" data-image-title=\"atelier\" data-image-description=\"\" data-image-caption=\"\" data-large-file=\"https:\/\/i0.wp.com\/grafibulle.net\/happy-graphics\/wp-content\/uploads\/2026\/01\/atelier-edited.webp?fit=750%2C750&amp;ssl=1\" src=\"https:\/\/i0.wp.com\/grafibulle.net\/happy-graphics\/wp-content\/uploads\/2026\/01\/atelier-edited.webp?resize=750%2C750&#038;ssl=1\" alt=\"ateliers pr\u00e9sentiels\" class=\"wp-image-13985\" style=\"width:228px;height:auto\" srcset=\"https:\/\/i0.wp.com\/grafibulle.net\/happy-graphics\/wp-content\/uploads\/2026\/01\/atelier-edited.webp?w=750&amp;ssl=1 750w, https:\/\/i0.wp.com\/grafibulle.net\/happy-graphics\/wp-content\/uploads\/2026\/01\/atelier-edited.webp?resize=300%2C300&amp;ssl=1 300w, https:\/\/i0.wp.com\/grafibulle.net\/happy-graphics\/wp-content\/uploads\/2026\/01\/atelier-edited.webp?resize=100%2C100&amp;ssl=1 100w\" sizes=\"auto, (max-width: 750px) 100vw, 750px\" \/><\/a><\/figure>\n<\/div><\/div>\n\n\n\n<div class=\"wp-block-column is-layout-flow wp-block-column-is-layout-flow\"><div class=\"wp-block-image\">\n<figure class=\"aligncenter size-full is-resized\"><a href=\"https:\/\/grafibulle.net\/happy-graphics\/tous-les-tutos-video\/\"><img data-recalc-dims=\"1\" loading=\"lazy\" decoding=\"async\" width=\"1200\" height=\"1200\" data-attachment-id=\"13984\" data-permalink=\"https:\/\/grafibulle.net\/happy-graphics\/tuto9-snowman-big-2\/\" data-orig-file=\"https:\/\/i0.wp.com\/grafibulle.net\/happy-graphics\/wp-content\/uploads\/2026\/01\/tuto9-snowman-BIG-scaled-edited.jpg?fit=1443%2C1443&amp;ssl=1\" data-orig-size=\"1443,1443\" data-comments-opened=\"1\" data-image-meta=\"{&quot;aperture&quot;:&quot;0&quot;,&quot;credit&quot;:&quot;&quot;,&quot;camera&quot;:&quot;&quot;,&quot;caption&quot;:&quot;&quot;,&quot;created_timestamp&quot;:&quot;0&quot;,&quot;copyright&quot;:&quot;&quot;,&quot;focal_length&quot;:&quot;0&quot;,&quot;iso&quot;:&quot;0&quot;,&quot;shutter_speed&quot;:&quot;0&quot;,&quot;title&quot;:&quot;&quot;,&quot;orientation&quot;:&quot;0&quot;}\" data-image-title=\"tuto9-snowman-big\" data-image-description=\"\" data-image-caption=\"\" data-large-file=\"https:\/\/i0.wp.com\/grafibulle.net\/happy-graphics\/wp-content\/uploads\/2026\/01\/tuto9-snowman-BIG-scaled-edited.jpg?fit=1024%2C1024&amp;ssl=1\" src=\"https:\/\/i0.wp.com\/grafibulle.net\/happy-graphics\/wp-content\/uploads\/2026\/01\/tuto9-snowman-BIG-scaled-edited.jpg?resize=1200%2C1200&#038;ssl=1\" alt=\"\" class=\"wp-image-13984\" style=\"width:223px;height:auto\" srcset=\"https:\/\/i0.wp.com\/grafibulle.net\/happy-graphics\/wp-content\/uploads\/2026\/01\/tuto9-snowman-BIG-scaled-edited.jpg?w=1443&amp;ssl=1 1443w, https:\/\/i0.wp.com\/grafibulle.net\/happy-graphics\/wp-content\/uploads\/2026\/01\/tuto9-snowman-BIG-scaled-edited.jpg?resize=300%2C300&amp;ssl=1 300w, https:\/\/i0.wp.com\/grafibulle.net\/happy-graphics\/wp-content\/uploads\/2026\/01\/tuto9-snowman-BIG-scaled-edited.jpg?resize=1024%2C1024&amp;ssl=1 1024w, https:\/\/i0.wp.com\/grafibulle.net\/happy-graphics\/wp-content\/uploads\/2026\/01\/tuto9-snowman-BIG-scaled-edited.jpg?resize=100%2C100&amp;ssl=1 100w, https:\/\/i0.wp.com\/grafibulle.net\/happy-graphics\/wp-content\/uploads\/2026\/01\/tuto9-snowman-BIG-scaled-edited.jpg?resize=768%2C768&amp;ssl=1 768w\" sizes=\"auto, (max-width: 1200px) 100vw, 1200px\" \/><\/a><\/figure>\n<\/div><\/div>\n<\/div>\n<\/div>\n<\/div>\n\n\n\n<div class=\"wp-block-columns is-layout-flex wp-container-core-columns-is-layout-28f84493 wp-block-columns-is-layout-flex\">\n<div class=\"wp-block-column is-layout-flow wp-block-column-is-layout-flow\">\n<p style=\"text-align: center;\">Stages Ateliers Cr\u00e9atifs<\/p>\n<\/div>\n\n\n\n<div class=\"wp-block-column is-layout-flow wp-block-column-is-layout-flow\">\n<p style=\"text-align: center;\">Souvenirs<\/p>\n<\/div>\n\n\n\n<div class=\"wp-block-column is-layout-flow wp-block-column-is-layout-flow\">\n<p style=\"text-align: center;\">Tutos Vid\u00e9os<\/p>\n<\/div>\n<\/div>\n\n\n\n<div style=\"height:468px\" aria-hidden=\"true\" class=\"wp-block-spacer\"><\/div>\n","protected":false},"excerpt":{"rendered":"<p>Apprendre \u00e0 dessiner, \u00e0 composer, avec Peyrine que ce soit en pr\u00e9sentiel ou pas !<\/p>\n","protected":false},"author":1,"featured_media":7890,"parent":0,"menu_order":0,"comment_status":"closed","ping_status":"closed","template":"","meta":{"_aioseo_title":"Ateliers de dessin interactifs","_aioseo_description":"Apprendre \u00e0 dessiner, \u00e0 composer, avec Peyrine que ce soit en pr\u00e9sentiel ou pas !","_surecart_dashboard_logo_width":"180px","_surecart_dashboard_show_logo":true,"_surecart_dashboard_navigation_orders":true,"_surecart_dashboard_navigation_invoices":true,"_surecart_dashboard_navigation_subscriptions":true,"_surecart_dashboard_navigation_downloads":true,"_surecart_dashboard_navigation_billing":true,"_surecart_dashboard_navigation_account":true,"neve_meta_sidebar":"","neve_meta_container":"","neve_meta_enable_content_width":"","neve_meta_content_width":0,"neve_meta_title_alignment":"","neve_meta_author_avatar":"","neve_post_elements_order":"","neve_meta_disable_header":"","neve_meta_disable_footer":"","neve_meta_disable_title":"","advanced_seo_description":"Apprendre \u00e0 dessiner, \u00e0 composer, avec Peyrine que ce soit en pr\u00e9sentiel ou pas !","jetpack_seo_html_title":"Ateliers de dessin interactifs","jetpack_seo_noindex":false,"footnotes":""},"class_list":["post-10071","page","type-page","status-publish","has-post-thumbnail"],"jetpack_sharing_enabled":true,"jetpack_shortlink":"https:\/\/wp.me\/P7HfPq-2Cr","_links":{"self":[{"href":"https:\/\/grafibulle.net\/happy-graphics\/wp-json\/wp\/v2\/pages\/10071","targetHints":{"allow":["GET"]}}],"collection":[{"href":"https:\/\/grafibulle.net\/happy-graphics\/wp-json\/wp\/v2\/pages"}],"about":[{"href":"https:\/\/grafibulle.net\/happy-graphics\/wp-json\/wp\/v2\/types\/page"}],"author":[{"embeddable":true,"href":"https:\/\/grafibulle.net\/happy-graphics\/wp-json\/wp\/v2\/users\/1"}],"replies":[{"embeddable":true,"href":"https:\/\/grafibulle.net\/happy-graphics\/wp-json\/wp\/v2\/comments?post=10071"}],"version-history":[{"count":15,"href":"https:\/\/grafibulle.net\/happy-graphics\/wp-json\/wp\/v2\/pages\/10071\/revisions"}],"predecessor-version":[{"id":13987,"href":"https:\/\/grafibulle.net\/happy-graphics\/wp-json\/wp\/v2\/pages\/10071\/revisions\/13987"}],"wp:featuredmedia":[{"embeddable":true,"href":"https:\/\/grafibulle.net\/happy-graphics\/wp-json\/wp\/v2\/media\/7890"}],"wp:attachment":[{"href":"https:\/\/grafibulle.net\/happy-graphics\/wp-json\/wp\/v2\/media?parent=10071"}],"curies":[{"name":"wp","href":"https:\/\/api.w.org\/{rel}","templated":true}]}}