{"id":10086,"date":"2025-01-21T21:40:25","date_gmt":"2025-01-21T20:40:25","guid":{"rendered":"https:\/\/grafibulle.net\/happy-graphics\/?page_id=10086"},"modified":"2025-02-10T18:39:27","modified_gmt":"2025-02-10T17:39:27","slug":"bibliotheque","status":"publish","type":"page","link":"https:\/\/grafibulle.net\/happy-graphics\/bibliotheque\/","title":{"rendered":"Biblioth\u00e8que"},"content":{"rendered":"\n<div class=\"wp-block-columns is-layout-flex wp-container-core-columns-is-layout-28f84493 wp-block-columns-is-layout-flex\">\n<div class=\"wp-block-column is-layout-flow wp-block-column-is-layout-flow\" style=\"flex-basis:33.34%\"><\/div>\n\n\n\n<div class=\"wp-block-column is-layout-flow wp-block-column-is-layout-flow\" style=\"flex-basis:33.33%\">\n<figure class=\"wp-block-image size-large\"><img data-recalc-dims=\"1\" loading=\"lazy\" decoding=\"async\" width=\"951\" height=\"1024\" data-attachment-id=\"7755\" data-permalink=\"https:\/\/grafibulle.net\/happy-graphics\/img_0145\/\" data-orig-file=\"https:\/\/i0.wp.com\/grafibulle.net\/happy-graphics\/wp-content\/uploads\/2023\/12\/IMG_0145.png?fit=972%2C1047&amp;ssl=1\" data-orig-size=\"972,1047\" data-comments-opened=\"1\" data-image-meta=\"{&quot;aperture&quot;:&quot;0&quot;,&quot;credit&quot;:&quot;&quot;,&quot;camera&quot;:&quot;&quot;,&quot;caption&quot;:&quot;&quot;,&quot;created_timestamp&quot;:&quot;0&quot;,&quot;copyright&quot;:&quot;&quot;,&quot;focal_length&quot;:&quot;0&quot;,&quot;iso&quot;:&quot;0&quot;,&quot;shutter_speed&quot;:&quot;0&quot;,&quot;title&quot;:&quot;&quot;,&quot;orientation&quot;:&quot;0&quot;}\" data-image-title=\"bibliotheque\" data-image-description=\"\" data-image-caption=\"\" data-large-file=\"https:\/\/i0.wp.com\/grafibulle.net\/happy-graphics\/wp-content\/uploads\/2023\/12\/IMG_0145.png?fit=951%2C1024&amp;ssl=1\" src=\"https:\/\/i0.wp.com\/grafibulle.net\/happy-graphics\/wp-content\/uploads\/2023\/12\/IMG_0145.png?resize=951%2C1024&#038;ssl=1\" alt=\"bibliotheque\" class=\"wp-image-7755\" srcset=\"https:\/\/i0.wp.com\/grafibulle.net\/happy-graphics\/wp-content\/uploads\/2023\/12\/IMG_0145.png?resize=951%2C1024&amp;ssl=1 951w, https:\/\/i0.wp.com\/grafibulle.net\/happy-graphics\/wp-content\/uploads\/2023\/12\/IMG_0145.png?resize=279%2C300&amp;ssl=1 279w, https:\/\/i0.wp.com\/grafibulle.net\/happy-graphics\/wp-content\/uploads\/2023\/12\/IMG_0145.png?resize=768%2C827&amp;ssl=1 768w, https:\/\/i0.wp.com\/grafibulle.net\/happy-graphics\/wp-content\/uploads\/2023\/12\/IMG_0145.png?resize=600%2C646&amp;ssl=1 600w, https:\/\/i0.wp.com\/grafibulle.net\/happy-graphics\/wp-content\/uploads\/2023\/12\/IMG_0145.png?w=972&amp;ssl=1 972w\" sizes=\"auto, (max-width: 951px) 100vw, 951px\" \/><\/figure>\n<\/div>\n\n\n\n<div class=\"wp-block-column is-layout-flow wp-block-column-is-layout-flow\" style=\"flex-basis:33.33%\"><\/div>\n<\/div>\n\n\n\n<h1 class=\"brz-text-lg-center brz-tp-lg-empty brz-ff-chilanka brz-ft-google brz-fs-lg-20 brz-fss-lg-px brz-fw-lg-400 brz-ls-lg-0 brz-lh-lg-1_9 brz-css-wiGm1\" style=\"text-align: center;\" data-uniq-id=\"rr4Rs\" data-generated-css=\"brz-css-mEHsJ\"><strong>Bienvenue dans ma biblioth\u00e8que !<\/strong><\/h1>\n<p class=\"brz-text-lg-center brz-tp-lg-empty brz-ff-chilanka brz-ft-google brz-fs-lg-16 brz-fss-lg-px brz-fw-lg-400 brz-ls-lg-0 brz-lh-lg-1_9 brz-css-dh5d1\" style=\"text-align: center;\" data-uniq-id=\"itUnW\" data-generated-css=\"brz-css-pVigu\">Vous trouverez ici tous les livres &amp; BD \u00e9dit\u00e9s et\/ou en cours de cr\u00e9ation !<\/p>\n\n\n\n<div class=\"wp-block-columns is-layout-flex wp-container-core-columns-is-layout-28f84493 wp-block-columns-is-layout-flex\">\n<div class=\"wp-block-column is-layout-flow wp-block-column-is-layout-flow\" style=\"flex-basis:25%\">\n<figure class=\"wp-block-image size-large\"><a href=\"https:\/\/grafibulle.net\/happy-graphics\/molecules-le-webcomic\/\"><img data-recalc-dims=\"1\" loading=\"lazy\" decoding=\"async\" width=\"1200\" height=\"1201\" data-attachment-id=\"10088\" data-permalink=\"https:\/\/grafibulle.net\/happy-graphics\/molecules-4\/\" data-orig-file=\"https:\/\/i0.wp.com\/grafibulle.net\/happy-graphics\/wp-content\/uploads\/2025\/01\/Molecules-edited.jpg?fit=1800%2C1801&amp;ssl=1\" data-orig-size=\"1800,1801\" data-comments-opened=\"1\" data-image-meta=\"{&quot;aperture&quot;:&quot;0&quot;,&quot;credit&quot;:&quot;&quot;,&quot;camera&quot;:&quot;&quot;,&quot;caption&quot;:&quot;&quot;,&quot;created_timestamp&quot;:&quot;0&quot;,&quot;copyright&quot;:&quot;&quot;,&quot;focal_length&quot;:&quot;0&quot;,&quot;iso&quot;:&quot;0&quot;,&quot;shutter_speed&quot;:&quot;0&quot;,&quot;title&quot;:&quot;&quot;,&quot;orientation&quot;:&quot;0&quot;}\" data-image-title=\"Molecules\" data-image-description=\"\" data-image-caption=\"\" data-large-file=\"https:\/\/i0.wp.com\/grafibulle.net\/happy-graphics\/wp-content\/uploads\/2025\/01\/Molecules-edited.jpg?fit=1024%2C1024&amp;ssl=1\" src=\"https:\/\/i0.wp.com\/grafibulle.net\/happy-graphics\/wp-content\/uploads\/2025\/01\/Molecules-edited.jpg?resize=1200%2C1201&#038;ssl=1\" alt=\"\" class=\"wp-image-10088\" srcset=\"https:\/\/i0.wp.com\/grafibulle.net\/happy-graphics\/wp-content\/uploads\/2025\/01\/Molecules-edited.jpg?w=1800&amp;ssl=1 1800w, https:\/\/i0.wp.com\/grafibulle.net\/happy-graphics\/wp-content\/uploads\/2025\/01\/Molecules-edited.jpg?resize=300%2C300&amp;ssl=1 300w, https:\/\/i0.wp.com\/grafibulle.net\/happy-graphics\/wp-content\/uploads\/2025\/01\/Molecules-edited.jpg?resize=1024%2C1024&amp;ssl=1 1024w, https:\/\/i0.wp.com\/grafibulle.net\/happy-graphics\/wp-content\/uploads\/2025\/01\/Molecules-edited.jpg?resize=100%2C100&amp;ssl=1 100w, https:\/\/i0.wp.com\/grafibulle.net\/happy-graphics\/wp-content\/uploads\/2025\/01\/Molecules-edited.jpg?resize=768%2C768&amp;ssl=1 768w, https:\/\/i0.wp.com\/grafibulle.net\/happy-graphics\/wp-content\/uploads\/2025\/01\/Molecules-edited.jpg?resize=1536%2C1536&amp;ssl=1 1536w, https:\/\/i0.wp.com\/grafibulle.net\/happy-graphics\/wp-content\/uploads\/2025\/01\/Molecules-edited.jpg?resize=50%2C50&amp;ssl=1 50w\" sizes=\"auto, (max-width: 1200px) 100vw, 1200px\" \/><\/a><\/figure>\n\n\n\n<p style=\"text-align: center;\">&#8220;Molecules&#8221;<\/p>\n<\/div>\n\n\n\n<div class=\"wp-block-column is-layout-flow wp-block-column-is-layout-flow\" style=\"flex-basis:25%\">\n<figure class=\"wp-block-image size-large\"><a href=\"https:\/\/grafibulle.net\/happy-graphics\/projet-bd-petit-capitaine-flint\/\"><img data-recalc-dims=\"1\" loading=\"lazy\" decoding=\"async\" width=\"1024\" height=\"1024\" data-attachment-id=\"4649\" data-permalink=\"https:\/\/grafibulle.net\/happy-graphics\/flint-2019-planche-11\/\" data-orig-file=\"https:\/\/i0.wp.com\/grafibulle.net\/happy-graphics\/wp-content\/uploads\/2019\/09\/Flint-2019-planche-11.jpg?fit=1080%2C1080&amp;ssl=1\" data-orig-size=\"1080,1080\" data-comments-opened=\"1\" data-image-meta=\"{&quot;aperture&quot;:&quot;0&quot;,&quot;credit&quot;:&quot;&quot;,&quot;camera&quot;:&quot;&quot;,&quot;caption&quot;:&quot;&quot;,&quot;created_timestamp&quot;:&quot;0&quot;,&quot;copyright&quot;:&quot;&quot;,&quot;focal_length&quot;:&quot;0&quot;,&quot;iso&quot;:&quot;0&quot;,&quot;shutter_speed&quot;:&quot;0&quot;,&quot;title&quot;:&quot;&quot;,&quot;orientation&quot;:&quot;0&quot;}\" data-image-title=\"Flint 2019 planche 11\" data-image-description=\"\" data-image-caption=\"\" data-large-file=\"https:\/\/i0.wp.com\/grafibulle.net\/happy-graphics\/wp-content\/uploads\/2019\/09\/Flint-2019-planche-11.jpg?fit=1024%2C1024&amp;ssl=1\" src=\"https:\/\/i0.wp.com\/grafibulle.net\/happy-graphics\/wp-content\/uploads\/2019\/09\/Flint-2019-planche-11.jpg?resize=1024%2C1024&#038;ssl=1\" alt=\"\" class=\"wp-image-4649\" srcset=\"https:\/\/i0.wp.com\/grafibulle.net\/happy-graphics\/wp-content\/uploads\/2019\/09\/Flint-2019-planche-11.jpg?resize=1024%2C1024&amp;ssl=1 1024w, https:\/\/i0.wp.com\/grafibulle.net\/happy-graphics\/wp-content\/uploads\/2019\/09\/Flint-2019-planche-11.jpg?resize=325%2C325&amp;ssl=1 325w, https:\/\/i0.wp.com\/grafibulle.net\/happy-graphics\/wp-content\/uploads\/2019\/09\/Flint-2019-planche-11.jpg?resize=100%2C100&amp;ssl=1 100w, https:\/\/i0.wp.com\/grafibulle.net\/happy-graphics\/wp-content\/uploads\/2019\/09\/Flint-2019-planche-11.jpg?resize=600%2C600&amp;ssl=1 600w, https:\/\/i0.wp.com\/grafibulle.net\/happy-graphics\/wp-content\/uploads\/2019\/09\/Flint-2019-planche-11.jpg?resize=150%2C150&amp;ssl=1 150w, https:\/\/i0.wp.com\/grafibulle.net\/happy-graphics\/wp-content\/uploads\/2019\/09\/Flint-2019-planche-11.jpg?resize=300%2C300&amp;ssl=1 300w, https:\/\/i0.wp.com\/grafibulle.net\/happy-graphics\/wp-content\/uploads\/2019\/09\/Flint-2019-planche-11.jpg?resize=768%2C768&amp;ssl=1 768w, https:\/\/i0.wp.com\/grafibulle.net\/happy-graphics\/wp-content\/uploads\/2019\/09\/Flint-2019-planche-11.jpg?w=1080&amp;ssl=1 1080w\" sizes=\"auto, (max-width: 1024px) 100vw, 1024px\" \/><\/a><\/figure>\n\n\n\n<p style=\"text-align: center;\">&#8220;Le Petit Capitaine Flint&#8221;<\/p>\n<\/div>\n\n\n\n<div class=\"wp-block-column is-layout-flow wp-block-column-is-layout-flow\" style=\"flex-basis:25%\">\n<figure class=\"wp-block-image size-full is-resized\"><a href=\"https:\/\/grafibulle.net\/happy-graphics\/bd-publiee-perches\/\"><img data-recalc-dims=\"1\" loading=\"lazy\" decoding=\"async\" width=\"252\" height=\"252\" data-attachment-id=\"10087\" data-permalink=\"https:\/\/grafibulle.net\/happy-graphics\/perches-dako-peyrine-planche5-zoom-2\/\" data-orig-file=\"https:\/\/i0.wp.com\/grafibulle.net\/happy-graphics\/wp-content\/uploads\/2025\/01\/Perches-Dako-Peyrine-Planche5-zoom-edited.jpg?fit=252%2C252&amp;ssl=1\" data-orig-size=\"252,252\" data-comments-opened=\"1\" data-image-meta=\"{&quot;aperture&quot;:&quot;0&quot;,&quot;credit&quot;:&quot;&quot;,&quot;camera&quot;:&quot;&quot;,&quot;caption&quot;:&quot;&quot;,&quot;created_timestamp&quot;:&quot;0&quot;,&quot;copyright&quot;:&quot;&quot;,&quot;focal_length&quot;:&quot;0&quot;,&quot;iso&quot;:&quot;0&quot;,&quot;shutter_speed&quot;:&quot;0&quot;,&quot;title&quot;:&quot;&quot;,&quot;orientation&quot;:&quot;0&quot;}\" data-image-title=\"Perches-Dako-Peyrine-Planche5-zoom\" data-image-description=\"\" data-image-caption=\"\" data-large-file=\"https:\/\/i0.wp.com\/grafibulle.net\/happy-graphics\/wp-content\/uploads\/2025\/01\/Perches-Dako-Peyrine-Planche5-zoom-edited.jpg?fit=252%2C252&amp;ssl=1\" src=\"https:\/\/i0.wp.com\/grafibulle.net\/happy-graphics\/wp-content\/uploads\/2025\/01\/Perches-Dako-Peyrine-Planche5-zoom-edited.jpg?resize=252%2C252&#038;ssl=1\" alt=\"\" class=\"wp-image-10087\" style=\"width:302px;height:auto\" srcset=\"https:\/\/i0.wp.com\/grafibulle.net\/happy-graphics\/wp-content\/uploads\/2025\/01\/Perches-Dako-Peyrine-Planche5-zoom-edited.jpg?w=252&amp;ssl=1 252w, https:\/\/i0.wp.com\/grafibulle.net\/happy-graphics\/wp-content\/uploads\/2025\/01\/Perches-Dako-Peyrine-Planche5-zoom-edited.jpg?resize=100%2C100&amp;ssl=1 100w, https:\/\/i0.wp.com\/grafibulle.net\/happy-graphics\/wp-content\/uploads\/2025\/01\/Perches-Dako-Peyrine-Planche5-zoom-edited.jpg?resize=50%2C50&amp;ssl=1 50w\" sizes=\"auto, (max-width: 252px) 100vw, 252px\" \/><\/a><\/figure>\n\n\n\n<p style=\"text-align: center;\">&#8220;Perch\u00e9s!&#8221;<\/p>\n<\/div>\n\n\n\n<div class=\"wp-block-column is-layout-flow wp-block-column-is-layout-flow\" style=\"flex-basis:25%\">\n<figure class=\"wp-block-image size-full\"><a href=\"https:\/\/grafibulle.net\/happy-graphics\/contes-illustres-peyrin-claude-jeunesse\/\"><img data-recalc-dims=\"1\" loading=\"lazy\" decoding=\"async\" width=\"578\" height=\"578\" data-attachment-id=\"10089\" data-permalink=\"https:\/\/grafibulle.net\/happy-graphics\/7-contes-2\/\" data-orig-file=\"https:\/\/i0.wp.com\/grafibulle.net\/happy-graphics\/wp-content\/uploads\/2025\/01\/7-contes-edited.jpg?fit=578%2C578&amp;ssl=1\" data-orig-size=\"578,578\" data-comments-opened=\"1\" data-image-meta=\"{&quot;aperture&quot;:&quot;0&quot;,&quot;credit&quot;:&quot;&quot;,&quot;camera&quot;:&quot;&quot;,&quot;caption&quot;:&quot;&quot;,&quot;created_timestamp&quot;:&quot;0&quot;,&quot;copyright&quot;:&quot;&quot;,&quot;focal_length&quot;:&quot;0&quot;,&quot;iso&quot;:&quot;0&quot;,&quot;shutter_speed&quot;:&quot;0&quot;,&quot;title&quot;:&quot;&quot;,&quot;orientation&quot;:&quot;0&quot;}\" data-image-title=\"7 contes\" data-image-description=\"\" data-image-caption=\"\" data-large-file=\"https:\/\/i0.wp.com\/grafibulle.net\/happy-graphics\/wp-content\/uploads\/2025\/01\/7-contes-edited.jpg?fit=578%2C578&amp;ssl=1\" src=\"https:\/\/i0.wp.com\/grafibulle.net\/happy-graphics\/wp-content\/uploads\/2025\/01\/7-contes-edited.jpg?resize=578%2C578&#038;ssl=1\" alt=\"\" class=\"wp-image-10089\" srcset=\"https:\/\/i0.wp.com\/grafibulle.net\/happy-graphics\/wp-content\/uploads\/2025\/01\/7-contes-edited.jpg?w=578&amp;ssl=1 578w, https:\/\/i0.wp.com\/grafibulle.net\/happy-graphics\/wp-content\/uploads\/2025\/01\/7-contes-edited.jpg?resize=300%2C300&amp;ssl=1 300w, https:\/\/i0.wp.com\/grafibulle.net\/happy-graphics\/wp-content\/uploads\/2025\/01\/7-contes-edited.jpg?resize=100%2C100&amp;ssl=1 100w, https:\/\/i0.wp.com\/grafibulle.net\/happy-graphics\/wp-content\/uploads\/2025\/01\/7-contes-edited.jpg?resize=50%2C50&amp;ssl=1 50w\" sizes=\"auto, (max-width: 578px) 100vw, 578px\" \/><\/a><\/figure>\n\n\n\n<p style=\"text-align: center;\">&#8220;Contes \u00e0 d\u00e9couvrir&#8221;<\/p>\n<\/div>\n<\/div>\n\n\n\n<div style=\"height:355px\" aria-hidden=\"true\" class=\"wp-block-spacer\"><\/div>\n\n\n","protected":false},"excerpt":{"rendered":"<p>Bienvenue dans ma biblioth\u00e8que !<\/p>\n<p>Vous trouverez ici tous les livres &#038; BD \u00e9dit\u00e9s et\/ou en cours de cr\u00e9ation !<\/p>\n","protected":false},"author":1,"featured_media":7887,"parent":0,"menu_order":0,"comment_status":"closed","ping_status":"closed","template":"","meta":{"_aioseo_title":"Bienvenue dans ma biblioth\u00e8que !","_aioseo_description":"Vous trouverez ici tous les livres & BD \u00e9dit\u00e9s et\/ou en cours de cr\u00e9ation !","_surecart_dashboard_logo_width":"180px","_surecart_dashboard_show_logo":true,"_surecart_dashboard_navigation_orders":true,"_surecart_dashboard_navigation_invoices":true,"_surecart_dashboard_navigation_subscriptions":true,"_surecart_dashboard_navigation_downloads":true,"_surecart_dashboard_navigation_billing":true,"_surecart_dashboard_navigation_account":true,"neve_meta_sidebar":"","neve_meta_container":"","neve_meta_enable_content_width":"","neve_meta_content_width":0,"neve_meta_title_alignment":"","neve_meta_author_avatar":"","neve_post_elements_order":"","neve_meta_disable_header":"","neve_meta_disable_footer":"","neve_meta_disable_title":"","advanced_seo_description":"","jetpack_seo_html_title":"","jetpack_seo_noindex":false,"footnotes":""},"class_list":["post-10086","page","type-page","status-publish","has-post-thumbnail"],"jetpack_sharing_enabled":true,"jetpack_shortlink":"https:\/\/wp.me\/P7HfPq-2CG","_links":{"self":[{"href":"https:\/\/grafibulle.net\/happy-graphics\/wp-json\/wp\/v2\/pages\/10086","targetHints":{"allow":["GET"]}}],"collection":[{"href":"https:\/\/grafibulle.net\/happy-graphics\/wp-json\/wp\/v2\/pages"}],"about":[{"href":"https:\/\/grafibulle.net\/happy-graphics\/wp-json\/wp\/v2\/types\/page"}],"author":[{"embeddable":true,"href":"https:\/\/grafibulle.net\/happy-graphics\/wp-json\/wp\/v2\/users\/1"}],"replies":[{"embeddable":true,"href":"https:\/\/grafibulle.net\/happy-graphics\/wp-json\/wp\/v2\/comments?post=10086"}],"version-history":[{"count":8,"href":"https:\/\/grafibulle.net\/happy-graphics\/wp-json\/wp\/v2\/pages\/10086\/revisions"}],"predecessor-version":[{"id":12705,"href":"https:\/\/grafibulle.net\/happy-graphics\/wp-json\/wp\/v2\/pages\/10086\/revisions\/12705"}],"wp:featuredmedia":[{"embeddable":true,"href":"https:\/\/grafibulle.net\/happy-graphics\/wp-json\/wp\/v2\/media\/7887"}],"wp:attachment":[{"href":"https:\/\/grafibulle.net\/happy-graphics\/wp-json\/wp\/v2\/media?parent=10086"}],"curies":[{"name":"wp","href":"https:\/\/api.w.org\/{rel}","templated":true}]}}