{"id":10093,"date":"2025-01-21T22:05:45","date_gmt":"2025-01-21T21:05:45","guid":{"rendered":"https:\/\/grafibulle.net\/happy-graphics\/?page_id=10093"},"modified":"2025-09-13T17:12:08","modified_gmt":"2025-09-13T15:12:08","slug":"molecules-le-webcomic","status":"publish","type":"page","link":"https:\/\/grafibulle.net\/happy-graphics\/molecules-le-webcomic\/","title":{"rendered":"Molecules, l&rsquo;histoire mouvement\u00e9e d&rsquo;un webcomic"},"content":{"rendered":"\n<p data-uniq-id=\"nGfOT\" data-generated-css=\"brz-css-umcNc\">&nbsp;<\/p>\n<h4 data-uniq-id=\"nGfOT\" data-generated-css=\"brz-css-umcNc\">Molecules, l&rsquo;histoire mouvement\u00e9e d&rsquo;un webcomic<\/h4>\n<p class=\"ql-align-justify brz-text-lg-justify brz-tp-lg-empty brz-ff-chilanka brz-ft-google brz-fs-lg-16 brz-fss-lg-px brz-fw-lg-400 brz-ls-lg-0 brz-lh-lg-1_9 brz-css-hW8x_\" style=\"text-align: justify;\" data-uniq-id=\"nGfOT\" data-generated-css=\"brz-css-umcNc\"><span class=\"brz-cp-color2\"><strong>Entre 2016 et 2017<\/strong>, je commence le projet \u00ab fou \u00bb de Molecules visant \u00e0 produire une planche par semaine, en fran\u00e7ais et en anglais, et \u00e0 la publier sur mon site Grafibulle.<\/span><\/p>\n<p class=\"ql-align-justify brz-text-lg-justify brz-tp-lg-empty brz-ff-chilanka brz-ft-google brz-fs-lg-16 brz-fss-lg-px brz-fw-lg-400 brz-ls-lg-0 brz-lh-lg-1_9 brz-css-xPtzb\" style=\"text-align: justify;\" data-uniq-id=\"ewxeO\" data-generated-css=\"brz-css-nAV2x\"><span class=\"brz-cp-color2\">Je fais 2 chapitres d\u2019une trentaine de pages chacun (espac\u00e9s de quelques mois), en plus de mon travail alimentaire. Travaillant le 1<\/span><sup class=\"brz-cp-color2\">er<\/sup><span class=\"brz-cp-color2\"> \u00e0 l\u2019encre de chine exclusivement, et le 2<\/span><sup class=\"brz-cp-color2\">\u00e8me<\/sup><span class=\"brz-cp-color2\"> au crayon gras.<\/span><\/p>\n<p class=\"ql-align-justify brz-text-lg-justify brz-tp-lg-empty brz-ff-chilanka brz-ft-google brz-fs-lg-16 brz-fss-lg-px brz-fw-lg-400 brz-ls-lg-0 brz-lh-lg-1_9 brz-css-c7LyX\" style=\"text-align: justify;\" data-uniq-id=\"szE2Y\" data-generated-css=\"brz-css-cSvhT\"><span class=\"brz-cp-color2\">Apr\u00e8s plusieurs essais de reprise de cette BD, <strong>je relance enfin sa production en 2022-23<\/strong>, cette fois avec une id\u00e9e plus \u00ab&nbsp;traditionnelle&nbsp;\u00bb de travailler dessus r\u00e9guli\u00e8rement mais sans plus m\u2019imposer ces \u00e9ch\u00e9ances tr\u00e8s difficiles \u00e0 tenir tout au long de l\u2019ann\u00e9e, en parall\u00e8le de mon activit\u00e9 principale de formatrice..<\/span><\/p>\n<p class=\"ql-align-justify brz-text-lg-justify brz-tp-lg-empty brz-ff-chilanka brz-ft-google brz-fs-lg-16 brz-fss-lg-px brz-fw-lg-400 brz-ls-lg-0 brz-lh-lg-1_9 brz-css-vT5uL\" style=\"text-align: justify;\" data-uniq-id=\"i9hbD\" data-generated-css=\"brz-css-tceZ1\"><span class=\"brz-cp-color2\">Cette fois, c\u2019est le dessin digital qui prend le pas, permettant de gagner un certain temps sur les allers-retours et traitements divers avant la mise en ligne. Mais ! Je tiens \u00e0 garder l\u2019aspect chaleureux du crayon, et j\u2019utiliserai des brosses de ce type pour construire mes nouvelles planches.<\/span><\/p>\n<p class=\"ql-align-justify brz-text-lg-justify brz-tp-lg-empty brz-ff-chilanka brz-ft-google brz-fs-lg-16 brz-fss-lg-px brz-fw-lg-400 brz-ls-lg-0 brz-lh-lg-1_9 brz-css-xQEdo\" style=\"text-align: justify;\" data-uniq-id=\"waxw7\" data-generated-css=\"brz-css-vgqw0\"><span class=\"brz-cp-color2\"><strong>Nous sommes en mars 2023&nbsp;<\/strong>; Le sc\u00e9nario, le storyboard et les recherches graphiques sont d\u00e9sormais boucl\u00e9s. Arrivent maintenant les \u00e9tapes de la cr\u00e9ation des pages.<\/span><\/p>\n<p class=\"brz-tp-lg-empty brz-ff-chilanka brz-ft-google brz-fs-lg-16 brz-fss-lg-px brz-fw-lg-400 brz-ls-lg-0 brz-lh-lg-1_9 brz-css-nDPr3\" style=\"text-align: justify;\" data-uniq-id=\"e0X9X\" data-generated-css=\"brz-css-mXVBE\"><span class=\"brz-cp-color2\"><strong>Mon objectif est de garder l\u2019esprit \u00ab\u00a0laboratoire graphique\u00a0\u00bb<\/strong> qui a continuellement suivi les 2 premiers chapitres : avec un effet artistique m\u00ealant, et entre-m\u00ealant, au mieux le traditionnel et le digital. Garder la \u00ab\u00a0chaleur\u00a0\u00bb du trait au crayon\/pinceau, tout en retrouvant un nouveau \u00ab\u00a0souffle\u00a0\u00bb avec les outils de digital painting actuels.<\/span><\/p>\n<p class=\"brz-tp-lg-empty brz-ff-chilanka brz-ft-google brz-fs-lg-16 brz-fss-lg-px brz-fw-lg-400 brz-ls-lg-0 brz-lh-lg-1_9 brz-css-r3kti\" style=\"text-align: justify;\" data-uniq-id=\"tRoo0\" data-generated-css=\"brz-css-o4XFI\"><span class=\"brz-cp-color2\"><strong>Janvier 2024<\/strong> : \u00e0 la page 10 je me rends compte que le reste du storyboard a besoin d&rsquo;\u00eatre retouch\u00e9 pour y accorder plus de dynamisme et d&rsquo;intrigue. J&rsquo;arr\u00eate donc l&rsquo;ancrage final de toutes les planches puis m&rsquo;y remets en avril 2024.<\/span><\/p>\n<p data-uniq-id=\"tRoo0\" data-generated-css=\"brz-css-o4XFI\"><strong>Septembre 2024<\/strong> : \u00e7a y est ! le 3\u00e8me chapitre est pr\u00eat ! Et je r\u00e9imprime les BD au format toujours \u00ab\u00a0comic\/manga\u00a0\u00bb mais cette fois ce sera une couverture cartonn\u00e9e ! (Dispo dans la boutique Hop! voir bouton bleu ci-dessous)<\/p>\n<p data-uniq-id=\"tRoo0\" data-generated-css=\"brz-css-o4XFI\"><strong>Septembre 2025<\/strong> : Je remets Molecules sur la table, et commence le sc\u00e9nario puis le storyboard du chapitre suivant.<\/p>\n<p data-uniq-id=\"tRoo0\" data-generated-css=\"brz-css-o4XFI\">&nbsp;<\/p>\n\n\n\n<p class=\"has-text-align-center has-medium-font-size\"><a href=\"https:\/\/grafibulle.net\/happy-graphics\/products\/molecules-2024\/\" class=\"su-button su-button-style-stroked\" style=\"color:#FFFFFF;background-color:#2D89EF;border-color:#246ec0;border-radius:20px\" target=\"_blank\" rel=\"noopener noreferrer\"><span style=\"color:#FFFFFF;padding:7px 20px;font-size:16px;line-height:24px;border-color:#6cadf4;border-radius:20px;text-shadow:none\"><i class=\"sui sui-download\" style=\"font-size:16px;color:#FFFFFF\"><\/i> Voir la BD au format papier<\/span><\/a>\n\n\n\n<div class=\"wp-block-columns is-layout-flex wp-container-core-columns-is-layout-28f84493 wp-block-columns-is-layout-flex\">\n<div class=\"wp-block-column is-layout-flow wp-block-column-is-layout-flow\" style=\"flex-basis:25%\">\n<figure class=\"wp-block-image size-full\"><img data-recalc-dims=\"1\" loading=\"lazy\" decoding=\"async\" width=\"429\" height=\"642\" data-attachment-id=\"10094\" data-permalink=\"https:\/\/grafibulle.net\/happy-graphics\/molecules-le-webcomic\/molecules-couv1\/\" data-orig-file=\"https:\/\/i0.wp.com\/grafibulle.net\/happy-graphics\/wp-content\/uploads\/2025\/01\/molecules-couv1.jpg?fit=429%2C642&amp;ssl=1\" data-orig-size=\"429,642\" data-comments-opened=\"1\" data-image-meta=\"{&quot;aperture&quot;:&quot;0&quot;,&quot;credit&quot;:&quot;&quot;,&quot;camera&quot;:&quot;&quot;,&quot;caption&quot;:&quot;&quot;,&quot;created_timestamp&quot;:&quot;0&quot;,&quot;copyright&quot;:&quot;&quot;,&quot;focal_length&quot;:&quot;0&quot;,&quot;iso&quot;:&quot;0&quot;,&quot;shutter_speed&quot;:&quot;0&quot;,&quot;title&quot;:&quot;&quot;,&quot;orientation&quot;:&quot;0&quot;}\" data-image-title=\"molecules couv1\" data-image-description=\"\" data-image-caption=\"\" data-large-file=\"https:\/\/i0.wp.com\/grafibulle.net\/happy-graphics\/wp-content\/uploads\/2025\/01\/molecules-couv1.jpg?fit=429%2C642&amp;ssl=1\" src=\"https:\/\/i0.wp.com\/grafibulle.net\/happy-graphics\/wp-content\/uploads\/2025\/01\/molecules-couv1.jpg?resize=429%2C642&#038;ssl=1\" alt=\"\" class=\"wp-image-10094\" srcset=\"https:\/\/i0.wp.com\/grafibulle.net\/happy-graphics\/wp-content\/uploads\/2025\/01\/molecules-couv1.jpg?w=429&amp;ssl=1 429w, https:\/\/i0.wp.com\/grafibulle.net\/happy-graphics\/wp-content\/uploads\/2025\/01\/molecules-couv1.jpg?resize=200%2C300&amp;ssl=1 200w\" sizes=\"auto, (max-width: 429px) 100vw, 429px\" \/><\/figure>\n<\/div>\n\n\n\n<div class=\"wp-block-column is-layout-flow wp-block-column-is-layout-flow\" style=\"flex-basis:25%\">\n<figure class=\"wp-block-image size-full\"><img data-recalc-dims=\"1\" loading=\"lazy\" decoding=\"async\" width=\"429\" height=\"642\" data-attachment-id=\"10095\" data-permalink=\"https:\/\/grafibulle.net\/happy-graphics\/molecules-le-webcomic\/molecules-couv2\/\" data-orig-file=\"https:\/\/i0.wp.com\/grafibulle.net\/happy-graphics\/wp-content\/uploads\/2025\/01\/molecules-couv2.jpg?fit=429%2C642&amp;ssl=1\" data-orig-size=\"429,642\" data-comments-opened=\"1\" data-image-meta=\"{&quot;aperture&quot;:&quot;0&quot;,&quot;credit&quot;:&quot;&quot;,&quot;camera&quot;:&quot;&quot;,&quot;caption&quot;:&quot;&quot;,&quot;created_timestamp&quot;:&quot;0&quot;,&quot;copyright&quot;:&quot;&quot;,&quot;focal_length&quot;:&quot;0&quot;,&quot;iso&quot;:&quot;0&quot;,&quot;shutter_speed&quot;:&quot;0&quot;,&quot;title&quot;:&quot;&quot;,&quot;orientation&quot;:&quot;0&quot;}\" data-image-title=\"molecules couv2\" data-image-description=\"\" data-image-caption=\"\" data-large-file=\"https:\/\/i0.wp.com\/grafibulle.net\/happy-graphics\/wp-content\/uploads\/2025\/01\/molecules-couv2.jpg?fit=429%2C642&amp;ssl=1\" src=\"https:\/\/i0.wp.com\/grafibulle.net\/happy-graphics\/wp-content\/uploads\/2025\/01\/molecules-couv2.jpg?resize=429%2C642&#038;ssl=1\" alt=\"\" class=\"wp-image-10095\" srcset=\"https:\/\/i0.wp.com\/grafibulle.net\/happy-graphics\/wp-content\/uploads\/2025\/01\/molecules-couv2.jpg?w=429&amp;ssl=1 429w, https:\/\/i0.wp.com\/grafibulle.net\/happy-graphics\/wp-content\/uploads\/2025\/01\/molecules-couv2.jpg?resize=200%2C300&amp;ssl=1 200w\" sizes=\"auto, (max-width: 429px) 100vw, 429px\" \/><\/figure>\n<\/div>\n\n\n\n<div class=\"wp-block-column is-layout-flow wp-block-column-is-layout-flow\" style=\"flex-basis:25%\">\n<figure class=\"wp-block-image size-large\"><img data-recalc-dims=\"1\" loading=\"lazy\" decoding=\"async\" width=\"683\" height=\"1024\" data-attachment-id=\"9580\" data-permalink=\"https:\/\/grafibulle.net\/happy-graphics\/molecules-chap-4\/img_0869\/\" data-orig-file=\"https:\/\/i0.wp.com\/grafibulle.net\/happy-graphics\/wp-content\/uploads\/2023\/02\/IMG_0869-scaled.jpeg?fit=1707%2C2560&amp;ssl=1\" data-orig-size=\"1707,2560\" data-comments-opened=\"1\" data-image-meta=\"{&quot;aperture&quot;:&quot;0&quot;,&quot;credit&quot;:&quot;&quot;,&quot;camera&quot;:&quot;&quot;,&quot;caption&quot;:&quot;&quot;,&quot;created_timestamp&quot;:&quot;0&quot;,&quot;copyright&quot;:&quot;&quot;,&quot;focal_length&quot;:&quot;0&quot;,&quot;iso&quot;:&quot;0&quot;,&quot;shutter_speed&quot;:&quot;0&quot;,&quot;title&quot;:&quot;&quot;,&quot;orientation&quot;:&quot;0&quot;}\" data-image-title=\"P28 Molecules par Peyrine\" data-image-description=\"\" data-image-caption=\"&lt;p&gt;P28 Molecules par Peyrine&lt;\/p&gt;\n\" data-large-file=\"https:\/\/i0.wp.com\/grafibulle.net\/happy-graphics\/wp-content\/uploads\/2023\/02\/IMG_0869-scaled.jpeg?fit=683%2C1024&amp;ssl=1\" src=\"https:\/\/i0.wp.com\/grafibulle.net\/happy-graphics\/wp-content\/uploads\/2023\/02\/IMG_0869.jpeg?resize=683%2C1024&#038;ssl=1\" alt=\"P28 Molecules par Peyrine\" class=\"wp-image-9580\" srcset=\"https:\/\/i0.wp.com\/grafibulle.net\/happy-graphics\/wp-content\/uploads\/2023\/02\/IMG_0869-scaled.jpeg?resize=683%2C1024&amp;ssl=1 683w, https:\/\/i0.wp.com\/grafibulle.net\/happy-graphics\/wp-content\/uploads\/2023\/02\/IMG_0869-scaled.jpeg?resize=200%2C300&amp;ssl=1 200w, https:\/\/i0.wp.com\/grafibulle.net\/happy-graphics\/wp-content\/uploads\/2023\/02\/IMG_0869-scaled.jpeg?resize=768%2C1152&amp;ssl=1 768w, https:\/\/i0.wp.com\/grafibulle.net\/happy-graphics\/wp-content\/uploads\/2023\/02\/IMG_0869-scaled.jpeg?resize=1024%2C1536&amp;ssl=1 1024w, https:\/\/i0.wp.com\/grafibulle.net\/happy-graphics\/wp-content\/uploads\/2023\/02\/IMG_0869-scaled.jpeg?resize=1365%2C2048&amp;ssl=1 1365w, https:\/\/i0.wp.com\/grafibulle.net\/happy-graphics\/wp-content\/uploads\/2023\/02\/IMG_0869-scaled.jpeg?w=1707&amp;ssl=1 1707w\" sizes=\"auto, (max-width: 683px) 100vw, 683px\" \/><\/figure>\n<\/div>\n\n\n\n<div class=\"wp-block-column is-layout-flow wp-block-column-is-layout-flow\" style=\"flex-basis:25%\">\n<figure class=\"wp-block-image size-large\"><img data-recalc-dims=\"1\" loading=\"lazy\" decoding=\"async\" width=\"683\" height=\"1024\" data-attachment-id=\"9564\" data-permalink=\"https:\/\/grafibulle.net\/happy-graphics\/molecules-chap-4\/img_0767\/\" data-orig-file=\"https:\/\/i0.wp.com\/grafibulle.net\/happy-graphics\/wp-content\/uploads\/2023\/02\/IMG_0767-scaled.jpeg?fit=1707%2C2560&amp;ssl=1\" data-orig-size=\"1707,2560\" data-comments-opened=\"1\" data-image-meta=\"{&quot;aperture&quot;:&quot;0&quot;,&quot;credit&quot;:&quot;&quot;,&quot;camera&quot;:&quot;&quot;,&quot;caption&quot;:&quot;&quot;,&quot;created_timestamp&quot;:&quot;0&quot;,&quot;copyright&quot;:&quot;&quot;,&quot;focal_length&quot;:&quot;0&quot;,&quot;iso&quot;:&quot;0&quot;,&quot;shutter_speed&quot;:&quot;0&quot;,&quot;title&quot;:&quot;&quot;,&quot;orientation&quot;:&quot;0&quot;}\" data-image-title=\"P25 Molecules par Peyrine\" data-image-description=\"\" data-image-caption=\"&lt;p&gt;P25 Molecules par Peyrine &lt;\/p&gt;\n\" data-large-file=\"https:\/\/i0.wp.com\/grafibulle.net\/happy-graphics\/wp-content\/uploads\/2023\/02\/IMG_0767-scaled.jpeg?fit=683%2C1024&amp;ssl=1\" src=\"https:\/\/i0.wp.com\/grafibulle.net\/happy-graphics\/wp-content\/uploads\/2023\/02\/IMG_0767.jpeg?resize=683%2C1024&#038;ssl=1\" alt=\"P25 Molecules par Peyrine\" class=\"wp-image-9564\" srcset=\"https:\/\/i0.wp.com\/grafibulle.net\/happy-graphics\/wp-content\/uploads\/2023\/02\/IMG_0767-scaled.jpeg?resize=683%2C1024&amp;ssl=1 683w, https:\/\/i0.wp.com\/grafibulle.net\/happy-graphics\/wp-content\/uploads\/2023\/02\/IMG_0767-scaled.jpeg?resize=200%2C300&amp;ssl=1 200w, https:\/\/i0.wp.com\/grafibulle.net\/happy-graphics\/wp-content\/uploads\/2023\/02\/IMG_0767-scaled.jpeg?resize=768%2C1152&amp;ssl=1 768w, https:\/\/i0.wp.com\/grafibulle.net\/happy-graphics\/wp-content\/uploads\/2023\/02\/IMG_0767-scaled.jpeg?resize=1024%2C1536&amp;ssl=1 1024w, https:\/\/i0.wp.com\/grafibulle.net\/happy-graphics\/wp-content\/uploads\/2023\/02\/IMG_0767-scaled.jpeg?resize=1365%2C2048&amp;ssl=1 1365w, https:\/\/i0.wp.com\/grafibulle.net\/happy-graphics\/wp-content\/uploads\/2023\/02\/IMG_0767-scaled.jpeg?w=1707&amp;ssl=1 1707w\" sizes=\"auto, (max-width: 683px) 100vw, 683px\" \/><\/figure>\n<\/div>\n<\/div>\n\n\n\n<div id=\"\" class=\"brz-css-1t3kw1k brz-wrapper\">\n<div class=\"brz-rich-text brz-rich-text__custom brz-css-opcpz4\" data-brz-custom-id=\"jGd3101Iaf1A\">\n<div data-brz-translate-text=\"1\">\n<p class=\"brz-lh-lg-1_9 brz-ls-lg-0 brz-fw-lg-400 brz-fss-lg-px brz-fs-lg-18 brz-ft-google brz-ff-chilanka brz-tp-lg-empty brz-css-cVfxj\" data-generated-css=\"brz-css-fvRoz\" data-uniq-id=\"wuATF\"><strong>Euh&#8230; Mais c&rsquo;est quoi cette BD alors ?<\/strong><\/p>\n<\/div>\n<\/div>\n<\/div>\n<div id=\"\" class=\"brz-css-1t3kw1k brz-wrapper\">\n<div class=\"brz-rich-text brz-rich-text__custom brz-css-opcpz4\" data-brz-custom-id=\"nMDRN_qi1CJ1\">\n<div data-brz-translate-text=\"1\">\n<p class=\"ql-align-justify brz-text-lg-justify brz-tp-lg-empty brz-ff-chilanka brz-ft-google brz-fs-lg-16 brz-fss-lg-px brz-fw-lg-400 brz-ls-lg-0 brz-lh-lg-1_9 brz-css-bxhTx\" style=\"text-align: justify;\" data-uniq-id=\"mE5sB\" data-generated-css=\"brz-css-zdlNe\">Axel, un ado \u00e0 l&rsquo;histoire familiale compliqu\u00e9e, se d\u00e9couvre la possibilit\u00e9 de manipuler les mol\u00e9cules. De l\u00e0, il est \u00ab\u00a0envoy\u00e9\u00a0\u00bb dans une Ecole ou d&rsquo;autres jeunes (et moins jeunes) apprennent \u00e0 se servir de leurs pouvoirs. En fa\u00e7ade, cela ressemble \u00e0 beaucoup de sc\u00e9narii connus, non ? Sauf que voil\u00e0, tout n&rsquo;est pas si simple dans cet univers mi-fantastique mi-scientifique !<\/p>\n<p class=\"ql-align-justify brz-text-lg-justify brz-tp-lg-empty brz-ff-chilanka brz-ft-google brz-fs-lg-16 brz-fss-lg-px brz-fw-lg-400 brz-ls-lg-0 brz-lh-lg-1_9 brz-css-wsBnW\" style=\"text-align: justify;\" data-uniq-id=\"xnofz\" data-generated-css=\"brz-css-vXjXb\">D\u00e9couvrez et suivez les aventures d&rsquo;Axel sur les r\u00e9seaux ou sur mon site, pour conna\u00eetre la suite !<\/p>\n<\/div>\n<\/div>\n<\/div>\n\n\n\n<div class=\"wp-block-columns is-layout-flex wp-container-core-columns-is-layout-28f84493 wp-block-columns-is-layout-flex\">\n<div class=\"wp-block-column is-layout-flow wp-block-column-is-layout-flow\" style=\"flex-basis:33.34%\">\n<p style=\"text-align: center;\"><a href=\"https:\/\/grafibulle.net\/happy-graphics\/molecules-lire-chap4\/\"><strong>Lire le storyboard du chap4<\/strong><\/a><\/p>\n<\/div>\n\n\n\n<div class=\"wp-block-column is-layout-flow wp-block-column-is-layout-flow\" style=\"flex-basis:33.34%\">\n<p style=\"text-align: center;\"><a href=\"https:\/\/grafibulle.net\/happy-graphics\/products\/molecules-2024\/\" class=\"su-button su-button-style-stroked\" style=\"color:#FFFFFF;background-color:#2D89EF;border-color:#246ec0;border-radius:20px\" target=\"_blank\" rel=\"noopener noreferrer\"><span style=\"color:#FFFFFF;padding:7px 20px;font-size:16px;line-height:24px;border-color:#6cadf4;border-radius:20px;text-shadow:none\"><i class=\"sui sui-download\" style=\"font-size:16px;color:#FFFFFF\"><\/i> Voir la BD au format papier<\/span><\/a>\n<\/div>\n\n\n\n<div class=\"wp-block-column is-layout-flow wp-block-column-is-layout-flow\" style=\"flex-basis:33.33%\">\n<p style=\"text-align: center;\"><a href=\"https:\/\/grafibulle.net\/happy-graphics\/molecules-lire-webcomic\/\"><strong>Lire le chapitre pr\u00e9c\u00e9dent<\/strong><\/a><\/p>\n<\/div>\n<\/div>\n\n\n","protected":false},"excerpt":{"rendered":"<p>Pr\u00e9sentation du projet Molecules, un webcomic exp\u00e9rimental<\/p>\n","protected":false},"author":1,"featured_media":0,"parent":0,"menu_order":0,"comment_status":"closed","ping_status":"closed","template":"","meta":{"_aioseo_title":"Molecules le voyage graphique d'Axel","_aioseo_description":"Pr\u00e9sentation du projet Molecules, un webcomic exp\u00e9rimental","_surecart_dashboard_logo_width":"180px","_surecart_dashboard_show_logo":true,"_surecart_dashboard_navigation_orders":true,"_surecart_dashboard_navigation_invoices":true,"_surecart_dashboard_navigation_subscriptions":true,"_surecart_dashboard_navigation_downloads":true,"_surecart_dashboard_navigation_billing":true,"_surecart_dashboard_navigation_account":true,"neve_meta_sidebar":"","neve_meta_container":"","neve_meta_enable_content_width":"","neve_meta_content_width":0,"neve_meta_title_alignment":"","neve_meta_author_avatar":"","neve_post_elements_order":"","neve_meta_disable_header":"","neve_meta_disable_footer":"","neve_meta_disable_title":"","advanced_seo_description":"Pr\u00e9sentation du projet Molecules, un webcomic exp\u00e9rimental","jetpack_seo_html_title":"Molecules, le voyage graphique d'Axel","jetpack_seo_noindex":false,"footnotes":""},"class_list":["post-10093","page","type-page","status-publish"],"jetpack_sharing_enabled":true,"jetpack_shortlink":"https:\/\/wp.me\/P7HfPq-2CN","_links":{"self":[{"href":"https:\/\/grafibulle.net\/happy-graphics\/wp-json\/wp\/v2\/pages\/10093","targetHints":{"allow":["GET"]}}],"collection":[{"href":"https:\/\/grafibulle.net\/happy-graphics\/wp-json\/wp\/v2\/pages"}],"about":[{"href":"https:\/\/grafibulle.net\/happy-graphics\/wp-json\/wp\/v2\/types\/page"}],"author":[{"embeddable":true,"href":"https:\/\/grafibulle.net\/happy-graphics\/wp-json\/wp\/v2\/users\/1"}],"replies":[{"embeddable":true,"href":"https:\/\/grafibulle.net\/happy-graphics\/wp-json\/wp\/v2\/comments?post=10093"}],"version-history":[{"count":10,"href":"https:\/\/grafibulle.net\/happy-graphics\/wp-json\/wp\/v2\/pages\/10093\/revisions"}],"predecessor-version":[{"id":13445,"href":"https:\/\/grafibulle.net\/happy-graphics\/wp-json\/wp\/v2\/pages\/10093\/revisions\/13445"}],"wp:attachment":[{"href":"https:\/\/grafibulle.net\/happy-graphics\/wp-json\/wp\/v2\/media?parent=10093"}],"curies":[{"name":"wp","href":"https:\/\/api.w.org\/{rel}","templated":true}]}}