{"id":10472,"date":"2025-01-24T15:17:25","date_gmt":"2025-01-24T14:17:25","guid":{"rendered":"https:\/\/grafibulle.net\/happy-graphics\/?page_id=10472"},"modified":"2025-01-24T15:18:39","modified_gmt":"2025-01-24T14:18:39","slug":"dessiner-pour-detendre","status":"publish","type":"page","link":"https:\/\/grafibulle.net\/happy-graphics\/dessiner-pour-detendre\/","title":{"rendered":"GrafiZEN : dessiner pour se d\u00e9tendre"},"content":{"rendered":"\n<div style=\"height:42px\" aria-hidden=\"true\" class=\"wp-block-spacer\"><\/div>\n\n\n\n<h4>Dessiner pour se d\u00e9tendre : GrafiZEN<\/h4>\n<h6 style=\"text-align: right;\"><a href=\"https:\/\/grafibulle.net\/happy-graphics\/tous-les-tutos-video\/\">Retour sur \u00ab\u00a0Tous les tutos vid\u00e9os\u00a0\u00bb<\/a><\/h6>\n\n\n<div class=\"epyt-gallery\" data-currpage=\"1\" id=\"epyt_gallery_40996\"><iframe loading=\"lazy\"  style=\"display: block; margin: 0px auto;\"  id=\"_ytid_64266\"  width=\"1200\" height=\"675\"  data-origwidth=\"1200\" data-origheight=\"675\" src=\"https:\/\/www.youtube.com\/embed\/X3xHYepjeV4?enablejsapi=1&autoplay=0&cc_load_policy=0&cc_lang_pref=&iv_load_policy=1&loop=0&rel=0&fs=1&playsinline=1&autohide=2&theme=dark&color=red&controls=1&disablekb=0&\" class=\"__youtube_prefs__  no-lazyload\" title=\"YouTube player\"  data-epytgalleryid=\"epyt_gallery_40996\"  allow=\"fullscreen; accelerometer; autoplay; clipboard-write; encrypted-media; gyroscope; picture-in-picture; web-share\" referrerpolicy=\"strict-origin-when-cross-origin\" allowfullscreen data-no-lazy=\"1\" data-skipgform_ajax_framebjll=\"\"><\/iframe><div class=\"epyt-gallery-list\"><div class=\"epyt-pagination \"><div tabindex=\"0\" role=\"button\" class=\"epyt-pagebutton epyt-prev  hide \" data-playlistid=\"PLICAcFn3QLs9k9evUwCRrpt_P32m4MI2z\" data-pagesize=\"50\" data-pagetoken=\"\" data-epcolumns=\"5\" data-showtitle=\"1\" data-showpaging=\"1\" data-autonext=\"0\" data-thumbplay=\"1\"><div class=\"epyt-arrow\">&laquo;<\/div> <div>Prev<\/div><\/div><div class=\"epyt-pagenumbers hide\"><div class=\"epyt-current\">1<\/div><div class=\"epyt-pageseparator\"> \/ <\/div><div class=\"epyt-totalpages\">1<\/div><\/div><div tabindex=\"0\" role=\"button\" class=\"epyt-pagebutton epyt-next hide \" data-playlistid=\"PLICAcFn3QLs9k9evUwCRrpt_P32m4MI2z\" data-pagesize=\"50\" data-pagetoken=\"\" data-epcolumns=\"5\" data-showtitle=\"1\" data-showpaging=\"1\" data-autonext=\"0\" data-thumbplay=\"1\"><div>Next<\/div> <div class=\"epyt-arrow\">&raquo;<\/div><\/div><div class=\"epyt-loader\"><img data-recalc-dims=\"1\" loading=\"lazy\" decoding=\"async\" alt=\"loading\" width=\"16\" height=\"11\" src=\"https:\/\/i0.wp.com\/grafibulle.net\/happy-graphics\/wp-content\/plugins\/youtube-embed-plus\/images\/gallery-page-loader.gif?resize=16%2C11&#038;ssl=1\"><\/div><\/div><div class=\"epyt-gallery-allthumbs  epyt-cols-5 \"><div tabindex=\"0\" role=\"button\" data-videoid=\"X3xHYepjeV4\" class=\"epyt-gallery-thumb\"><div class=\"epyt-gallery-img-box\"><div class=\"epyt-gallery-img\" style=\"background-image: url(https:\/\/i.ytimg.com\/vi\/X3xHYepjeV4\/hqdefault.jpg)\"><div class=\"epyt-gallery-playhover\"><img data-recalc-dims=\"1\" loading=\"lazy\" decoding=\"async\" alt=\"play\" class=\"epyt-play-img\" width=\"30\" height=\"23\" src=\"https:\/\/i0.wp.com\/grafibulle.net\/happy-graphics\/wp-content\/plugins\/youtube-embed-plus\/images\/playhover.png?resize=30%2C23&#038;ssl=1\" data-no-lazy=\"1\" data-skipgform_ajax_framebjll=\"\" \/><div class=\"epyt-gallery-playcrutch\"><\/div><\/div><\/div><\/div><div class=\"epyt-gallery-title\">D\u00e9tendez vous.... Grafi...Zen....<\/div><\/div><div tabindex=\"0\" role=\"button\" data-videoid=\"8qqH8mqyTkg\" class=\"epyt-gallery-thumb\"><div class=\"epyt-gallery-img-box\"><div class=\"epyt-gallery-img\" style=\"background-image: url(https:\/\/i.ytimg.com\/vi\/8qqH8mqyTkg\/hqdefault.jpg)\"><div class=\"epyt-gallery-playhover\"><img data-recalc-dims=\"1\" loading=\"lazy\" decoding=\"async\" alt=\"play\" class=\"epyt-play-img\" width=\"30\" height=\"23\" src=\"https:\/\/i0.wp.com\/grafibulle.net\/happy-graphics\/wp-content\/plugins\/youtube-embed-plus\/images\/playhover.png?resize=30%2C23&#038;ssl=1\" data-no-lazy=\"1\" data-skipgform_ajax_framebjll=\"\" \/><div class=\"epyt-gallery-playcrutch\"><\/div><\/div><\/div><\/div><div class=\"epyt-gallery-title\">Respirez, c&#039;est GrafiZen \ud83e\udd17<\/div><\/div><div tabindex=\"0\" role=\"button\" data-videoid=\"S4E3X-pkSQw\" class=\"epyt-gallery-thumb\"><div class=\"epyt-gallery-img-box\"><div class=\"epyt-gallery-img\" style=\"background-image: url(https:\/\/i.ytimg.com\/vi\/S4E3X-pkSQw\/hqdefault.jpg)\"><div class=\"epyt-gallery-playhover\"><img data-recalc-dims=\"1\" loading=\"lazy\" decoding=\"async\" alt=\"play\" class=\"epyt-play-img\" width=\"30\" height=\"23\" src=\"https:\/\/i0.wp.com\/grafibulle.net\/happy-graphics\/wp-content\/plugins\/youtube-embed-plus\/images\/playhover.png?resize=30%2C23&#038;ssl=1\" data-no-lazy=\"1\" data-skipgform_ajax_framebjll=\"\" \/><div class=\"epyt-gallery-playcrutch\"><\/div><\/div><\/div><\/div><div class=\"epyt-gallery-title\">L\u00e2cher prise facile GrafiZen<\/div><\/div><div tabindex=\"0\" role=\"button\" data-videoid=\"A4t-s4BFEi4\" class=\"epyt-gallery-thumb\"><div class=\"epyt-gallery-img-box\"><div class=\"epyt-gallery-img\" style=\"background-image: url(https:\/\/i.ytimg.com\/vi\/A4t-s4BFEi4\/hqdefault.jpg)\"><div class=\"epyt-gallery-playhover\"><img data-recalc-dims=\"1\" loading=\"lazy\" decoding=\"async\" alt=\"play\" class=\"epyt-play-img\" width=\"30\" height=\"23\" src=\"https:\/\/i0.wp.com\/grafibulle.net\/happy-graphics\/wp-content\/plugins\/youtube-embed-plus\/images\/playhover.png?resize=30%2C23&#038;ssl=1\" data-no-lazy=\"1\" data-skipgform_ajax_framebjll=\"\" \/><div class=\"epyt-gallery-playcrutch\"><\/div><\/div><\/div><\/div><div class=\"epyt-gallery-title\">Respirez, c&#039;est GrafiZen \ud83d\ude42<\/div><\/div><div tabindex=\"0\" role=\"button\" data-videoid=\"LOQSrXXFn7A\" class=\"epyt-gallery-thumb\"><div class=\"epyt-gallery-img-box\"><div class=\"epyt-gallery-img\" style=\"background-image: url(https:\/\/i.ytimg.com\/vi\/LOQSrXXFn7A\/hqdefault.jpg)\"><div class=\"epyt-gallery-playhover\"><img data-recalc-dims=\"1\" loading=\"lazy\" decoding=\"async\" alt=\"play\" class=\"epyt-play-img\" width=\"30\" height=\"23\" src=\"https:\/\/i0.wp.com\/grafibulle.net\/happy-graphics\/wp-content\/plugins\/youtube-embed-plus\/images\/playhover.png?resize=30%2C23&#038;ssl=1\" data-no-lazy=\"1\" data-skipgform_ajax_framebjll=\"\" \/><div class=\"epyt-gallery-playcrutch\"><\/div><\/div><\/div><\/div><div class=\"epyt-gallery-title\">GrafiZen Dessin cach\u00e9<\/div><\/div><div class=\"epyt-gallery-rowbreak\"><\/div><div tabindex=\"0\" role=\"button\" data-videoid=\"eBup4sigfMI\" class=\"epyt-gallery-thumb\"><div class=\"epyt-gallery-img-box\"><div class=\"epyt-gallery-img\" style=\"background-image: url(https:\/\/i.ytimg.com\/vi\/eBup4sigfMI\/hqdefault.jpg)\"><div class=\"epyt-gallery-playhover\"><img data-recalc-dims=\"1\" loading=\"lazy\" decoding=\"async\" alt=\"play\" class=\"epyt-play-img\" width=\"30\" height=\"23\" src=\"https:\/\/i0.wp.com\/grafibulle.net\/happy-graphics\/wp-content\/plugins\/youtube-embed-plus\/images\/playhover.png?resize=30%2C23&#038;ssl=1\" data-no-lazy=\"1\" data-skipgform_ajax_framebjll=\"\" \/><div class=\"epyt-gallery-playcrutch\"><\/div><\/div><\/div><\/div><div class=\"epyt-gallery-title\">Seance de d\u00e9tente graphique \ud83e\udd175min<\/div><\/div><div tabindex=\"0\" role=\"button\" data-videoid=\"czAYh8JgGDo\" class=\"epyt-gallery-thumb\"><div class=\"epyt-gallery-img-box\"><div class=\"epyt-gallery-img\" style=\"background-image: url(https:\/\/i.ytimg.com\/vi\/czAYh8JgGDo\/hqdefault.jpg)\"><div class=\"epyt-gallery-playhover\"><img data-recalc-dims=\"1\" loading=\"lazy\" decoding=\"async\" alt=\"play\" class=\"epyt-play-img\" width=\"30\" height=\"23\" src=\"https:\/\/i0.wp.com\/grafibulle.net\/happy-graphics\/wp-content\/plugins\/youtube-embed-plus\/images\/playhover.png?resize=30%2C23&#038;ssl=1\" data-no-lazy=\"1\" data-skipgform_ajax_framebjll=\"\" \/><div class=\"epyt-gallery-playcrutch\"><\/div><\/div><\/div><\/div><div class=\"epyt-gallery-title\">Se d\u00e9barrasser de ses chaines \ud83d\ude09<\/div><\/div><div tabindex=\"0\" role=\"button\" data-videoid=\"onjRcACL_YU\" class=\"epyt-gallery-thumb\"><div class=\"epyt-gallery-img-box\"><div class=\"epyt-gallery-img\" style=\"background-image: url(https:\/\/i.ytimg.com\/vi\/onjRcACL_YU\/hqdefault.jpg)\"><div class=\"epyt-gallery-playhover\"><img data-recalc-dims=\"1\" loading=\"lazy\" decoding=\"async\" alt=\"play\" class=\"epyt-play-img\" width=\"30\" height=\"23\" src=\"https:\/\/i0.wp.com\/grafibulle.net\/happy-graphics\/wp-content\/plugins\/youtube-embed-plus\/images\/playhover.png?resize=30%2C23&#038;ssl=1\" data-no-lazy=\"1\" data-skipgform_ajax_framebjll=\"\" \/><div class=\"epyt-gallery-playcrutch\"><\/div><\/div><\/div><\/div><div class=\"epyt-gallery-title\">GrafiZEN - Respiration avec le trait - 23 mars<\/div><\/div><div tabindex=\"0\" role=\"button\" data-videoid=\"SfQgqSIokmo\" class=\"epyt-gallery-thumb\"><div class=\"epyt-gallery-img-box\"><div class=\"epyt-gallery-img\" style=\"background-image: url(https:\/\/i.ytimg.com\/vi\/SfQgqSIokmo\/hqdefault.jpg)\"><div class=\"epyt-gallery-playhover\"><img data-recalc-dims=\"1\" loading=\"lazy\" decoding=\"async\" alt=\"play\" class=\"epyt-play-img\" width=\"30\" height=\"23\" src=\"https:\/\/i0.wp.com\/grafibulle.net\/happy-graphics\/wp-content\/plugins\/youtube-embed-plus\/images\/playhover.png?resize=30%2C23&#038;ssl=1\" data-no-lazy=\"1\" data-skipgform_ajax_framebjll=\"\" \/><div class=\"epyt-gallery-playcrutch\"><\/div><\/div><\/div><\/div><div class=\"epyt-gallery-title\">GrafiZEN - Respiration avec le trait - 20 mars<\/div><\/div><div tabindex=\"0\" role=\"button\" data-videoid=\"YNpyoOKN39o\" class=\"epyt-gallery-thumb\"><div class=\"epyt-gallery-img-box\"><div class=\"epyt-gallery-img\" style=\"background-image: url(https:\/\/i.ytimg.com\/vi\/YNpyoOKN39o\/hqdefault.jpg)\"><div class=\"epyt-gallery-playhover\"><img data-recalc-dims=\"1\" loading=\"lazy\" decoding=\"async\" alt=\"play\" class=\"epyt-play-img\" width=\"30\" height=\"23\" src=\"https:\/\/i0.wp.com\/grafibulle.net\/happy-graphics\/wp-content\/plugins\/youtube-embed-plus\/images\/playhover.png?resize=30%2C23&#038;ssl=1\" data-no-lazy=\"1\" data-skipgform_ajax_framebjll=\"\" \/><div class=\"epyt-gallery-playcrutch\"><\/div><\/div><\/div><\/div><div class=\"epyt-gallery-title\">GrafiZEN - Respiration avec le trait - 19 mars<\/div><\/div><div class=\"epyt-gallery-rowbreak\"><\/div><div tabindex=\"0\" role=\"button\" data-videoid=\"8Dsijm_Hx5M\" class=\"epyt-gallery-thumb\"><div class=\"epyt-gallery-img-box\"><div class=\"epyt-gallery-img\" style=\"background-image: url(https:\/\/i.ytimg.com\/vi\/8Dsijm_Hx5M\/hqdefault.jpg)\"><div class=\"epyt-gallery-playhover\"><img data-recalc-dims=\"1\" loading=\"lazy\" decoding=\"async\" alt=\"play\" class=\"epyt-play-img\" width=\"30\" height=\"23\" src=\"https:\/\/i0.wp.com\/grafibulle.net\/happy-graphics\/wp-content\/plugins\/youtube-embed-plus\/images\/playhover.png?resize=30%2C23&#038;ssl=1\" data-no-lazy=\"1\" data-skipgform_ajax_framebjll=\"\" \/><div class=\"epyt-gallery-playcrutch\"><\/div><\/div><\/div><\/div><div class=\"epyt-gallery-title\">GrafiZEN - Respiration avec le trait - 18 mars<\/div><\/div><div tabindex=\"0\" role=\"button\" data-videoid=\"WLzCjb8pgYo\" class=\"epyt-gallery-thumb\"><div class=\"epyt-gallery-img-box\"><div class=\"epyt-gallery-img\" style=\"background-image: url(https:\/\/i.ytimg.com\/vi\/WLzCjb8pgYo\/hqdefault.jpg)\"><div class=\"epyt-gallery-playhover\"><img data-recalc-dims=\"1\" loading=\"lazy\" decoding=\"async\" alt=\"play\" class=\"epyt-play-img\" width=\"30\" height=\"23\" src=\"https:\/\/i0.wp.com\/grafibulle.net\/happy-graphics\/wp-content\/plugins\/youtube-embed-plus\/images\/playhover.png?resize=30%2C23&#038;ssl=1\" data-no-lazy=\"1\" data-skipgform_ajax_framebjll=\"\" \/><div class=\"epyt-gallery-playcrutch\"><\/div><\/div><\/div><\/div><div class=\"epyt-gallery-title\">GrafiZEN - Respiration avec le trait - 16 mars<\/div><\/div><div tabindex=\"0\" role=\"button\" data-videoid=\"sTPXlJln0aU\" class=\"epyt-gallery-thumb\"><div class=\"epyt-gallery-img-box\"><div class=\"epyt-gallery-img\" style=\"background-image: url(https:\/\/i.ytimg.com\/vi\/sTPXlJln0aU\/hqdefault.jpg)\"><div class=\"epyt-gallery-playhover\"><img data-recalc-dims=\"1\" loading=\"lazy\" decoding=\"async\" alt=\"play\" class=\"epyt-play-img\" width=\"30\" height=\"23\" src=\"https:\/\/i0.wp.com\/grafibulle.net\/happy-graphics\/wp-content\/plugins\/youtube-embed-plus\/images\/playhover.png?resize=30%2C23&#038;ssl=1\" data-no-lazy=\"1\" data-skipgform_ajax_framebjll=\"\" \/><div class=\"epyt-gallery-playcrutch\"><\/div><\/div><\/div><\/div><div class=\"epyt-gallery-title\">GrafiZEN - Respiration avec le trait - 15 mars<\/div><\/div><div tabindex=\"0\" role=\"button\" data-videoid=\"bmcqtRj0YGc\" class=\"epyt-gallery-thumb\"><div class=\"epyt-gallery-img-box\"><div class=\"epyt-gallery-img\" style=\"background-image: url(https:\/\/i.ytimg.com\/vi\/bmcqtRj0YGc\/hqdefault.jpg)\"><div class=\"epyt-gallery-playhover\"><img data-recalc-dims=\"1\" loading=\"lazy\" decoding=\"async\" alt=\"play\" class=\"epyt-play-img\" width=\"30\" height=\"23\" src=\"https:\/\/i0.wp.com\/grafibulle.net\/happy-graphics\/wp-content\/plugins\/youtube-embed-plus\/images\/playhover.png?resize=30%2C23&#038;ssl=1\" data-no-lazy=\"1\" data-skipgform_ajax_framebjll=\"\" \/><div class=\"epyt-gallery-playcrutch\"><\/div><\/div><\/div><\/div><div class=\"epyt-gallery-title\">GrafiZen - Respiration avec le trait - 13 mars<\/div><\/div><div tabindex=\"0\" role=\"button\" data-videoid=\"pJi_TwuliTA\" class=\"epyt-gallery-thumb\"><div class=\"epyt-gallery-img-box\"><div class=\"epyt-gallery-img\" style=\"background-image: url(https:\/\/i.ytimg.com\/vi\/pJi_TwuliTA\/hqdefault.jpg)\"><div class=\"epyt-gallery-playhover\"><img data-recalc-dims=\"1\" loading=\"lazy\" decoding=\"async\" alt=\"play\" class=\"epyt-play-img\" width=\"30\" height=\"23\" src=\"https:\/\/i0.wp.com\/grafibulle.net\/happy-graphics\/wp-content\/plugins\/youtube-embed-plus\/images\/playhover.png?resize=30%2C23&#038;ssl=1\" data-no-lazy=\"1\" data-skipgform_ajax_framebjll=\"\" \/><div class=\"epyt-gallery-playcrutch\"><\/div><\/div><\/div><\/div><div class=\"epyt-gallery-title\">GrafiZen - Respiration (3) Fleurs et \u00e9pines<\/div><\/div><div class=\"epyt-gallery-rowbreak\"><\/div><div tabindex=\"0\" role=\"button\" data-videoid=\"mEuUm5LeCJU\" class=\"epyt-gallery-thumb\"><div class=\"epyt-gallery-img-box\"><div class=\"epyt-gallery-img\" style=\"background-image: url(https:\/\/i.ytimg.com\/vi\/mEuUm5LeCJU\/hqdefault.jpg)\"><div class=\"epyt-gallery-playhover\"><img data-recalc-dims=\"1\" loading=\"lazy\" decoding=\"async\" alt=\"play\" class=\"epyt-play-img\" width=\"30\" height=\"23\" src=\"https:\/\/i0.wp.com\/grafibulle.net\/happy-graphics\/wp-content\/plugins\/youtube-embed-plus\/images\/playhover.png?resize=30%2C23&#038;ssl=1\" data-no-lazy=\"1\" data-skipgform_ajax_framebjll=\"\" \/><div class=\"epyt-gallery-playcrutch\"><\/div><\/div><\/div><\/div><div class=\"epyt-gallery-title\">GrafiZen - Respiration (2) Dessin de vers XD<\/div><\/div><div tabindex=\"0\" role=\"button\" data-videoid=\"HJqlKkiJQ6U\" class=\"epyt-gallery-thumb\"><div class=\"epyt-gallery-img-box\"><div class=\"epyt-gallery-img\" style=\"background-image: url(https:\/\/i.ytimg.com\/vi\/HJqlKkiJQ6U\/hqdefault.jpg)\"><div class=\"epyt-gallery-playhover\"><img data-recalc-dims=\"1\" loading=\"lazy\" decoding=\"async\" alt=\"play\" class=\"epyt-play-img\" width=\"30\" height=\"23\" src=\"https:\/\/i0.wp.com\/grafibulle.net\/happy-graphics\/wp-content\/plugins\/youtube-embed-plus\/images\/playhover.png?resize=30%2C23&#038;ssl=1\" data-no-lazy=\"1\" data-skipgform_ajax_framebjll=\"\" \/><div class=\"epyt-gallery-playcrutch\"><\/div><\/div><\/div><\/div><div class=\"epyt-gallery-title\">GrafiZen Exercice de Respiration avec le trait<\/div><\/div><div tabindex=\"0\" role=\"button\" data-videoid=\"i5jw2UpgmP0\" class=\"epyt-gallery-thumb\"><div class=\"epyt-gallery-img-box\"><div class=\"epyt-gallery-img\" style=\"background-image: url(https:\/\/i.ytimg.com\/vi\/i5jw2UpgmP0\/hqdefault.jpg)\"><div class=\"epyt-gallery-playhover\"><img data-recalc-dims=\"1\" loading=\"lazy\" decoding=\"async\" alt=\"play\" class=\"epyt-play-img\" width=\"30\" height=\"23\" src=\"https:\/\/i0.wp.com\/grafibulle.net\/happy-graphics\/wp-content\/plugins\/youtube-embed-plus\/images\/playhover.png?resize=30%2C23&#038;ssl=1\" data-no-lazy=\"1\" data-skipgform_ajax_framebjll=\"\" \/><div class=\"epyt-gallery-playcrutch\"><\/div><\/div><\/div><\/div><div class=\"epyt-gallery-title\">Faites une pause \ud83d\ude42<\/div><\/div><div tabindex=\"0\" role=\"button\" data-videoid=\"77WqkJ6gh8w\" class=\"epyt-gallery-thumb\"><div class=\"epyt-gallery-img-box\"><div class=\"epyt-gallery-img\" style=\"background-image: url(https:\/\/i.ytimg.com\/vi\/77WqkJ6gh8w\/hqdefault.jpg)\"><div class=\"epyt-gallery-playhover\"><img data-recalc-dims=\"1\" loading=\"lazy\" decoding=\"async\" alt=\"play\" class=\"epyt-play-img\" width=\"30\" height=\"23\" src=\"https:\/\/i0.wp.com\/grafibulle.net\/happy-graphics\/wp-content\/plugins\/youtube-embed-plus\/images\/playhover.png?resize=30%2C23&#038;ssl=1\" data-no-lazy=\"1\" data-skipgform_ajax_framebjll=\"\" \/><div class=\"epyt-gallery-playcrutch\"><\/div><\/div><\/div><\/div><div class=\"epyt-gallery-title\">Dans ma Bulle - au Bic - Arbre, oiseau pour illustrer film<\/div><\/div><div tabindex=\"0\" role=\"button\" data-videoid=\"63YguqfCniY\" class=\"epyt-gallery-thumb\"><div class=\"epyt-gallery-img-box\"><div class=\"epyt-gallery-img\" style=\"background-image: url(https:\/\/i.ytimg.com\/vi\/63YguqfCniY\/hqdefault.jpg)\"><div class=\"epyt-gallery-playhover\"><img data-recalc-dims=\"1\" loading=\"lazy\" decoding=\"async\" alt=\"play\" class=\"epyt-play-img\" width=\"30\" height=\"23\" src=\"https:\/\/i0.wp.com\/grafibulle.net\/happy-graphics\/wp-content\/plugins\/youtube-embed-plus\/images\/playhover.png?resize=30%2C23&#038;ssl=1\" data-no-lazy=\"1\" data-skipgform_ajax_framebjll=\"\" \/><div class=\"epyt-gallery-playcrutch\"><\/div><\/div><\/div><\/div><div class=\"epyt-gallery-title\">Dans ma Bulle : M\u00e9ditation visuelle : arbres en hiver<\/div><\/div><div class=\"epyt-gallery-rowbreak\"><\/div><div tabindex=\"0\" role=\"button\" data-videoid=\"R-BXfcV7uFQ\" class=\"epyt-gallery-thumb\"><div class=\"epyt-gallery-img-box\"><div class=\"epyt-gallery-img\" style=\"background-image: url(https:\/\/i.ytimg.com\/vi\/R-BXfcV7uFQ\/hqdefault.jpg)\"><div class=\"epyt-gallery-playhover\"><img data-recalc-dims=\"1\" loading=\"lazy\" decoding=\"async\" alt=\"play\" class=\"epyt-play-img\" width=\"30\" height=\"23\" src=\"https:\/\/i0.wp.com\/grafibulle.net\/happy-graphics\/wp-content\/plugins\/youtube-embed-plus\/images\/playhover.png?resize=30%2C23&#038;ssl=1\" data-no-lazy=\"1\" data-skipgform_ajax_framebjll=\"\" \/><div class=\"epyt-gallery-playcrutch\"><\/div><\/div><\/div><\/div><div class=\"epyt-gallery-title\">Mini tuto animer HAPPY -  D\u00e9tente<\/div><\/div><div tabindex=\"0\" role=\"button\" data-videoid=\"qsh0H4_EpTY\" class=\"epyt-gallery-thumb\"><div class=\"epyt-gallery-img-box\"><div class=\"epyt-gallery-img\" style=\"background-image: url(https:\/\/i.ytimg.com\/vi\/qsh0H4_EpTY\/hqdefault.jpg)\"><div class=\"epyt-gallery-playhover\"><img data-recalc-dims=\"1\" loading=\"lazy\" decoding=\"async\" alt=\"play\" class=\"epyt-play-img\" width=\"30\" height=\"23\" src=\"https:\/\/i0.wp.com\/grafibulle.net\/happy-graphics\/wp-content\/plugins\/youtube-embed-plus\/images\/playhover.png?resize=30%2C23&#038;ssl=1\" data-no-lazy=\"1\" data-skipgform_ajax_framebjll=\"\" \/><div class=\"epyt-gallery-playcrutch\"><\/div><\/div><\/div><\/div><div class=\"epyt-gallery-title\">Dessiner un mandala d&#039;escargots - D\u00e9tente<\/div><\/div><div tabindex=\"0\" role=\"button\" data-videoid=\"RGwO48N9vw4\" class=\"epyt-gallery-thumb\"><div class=\"epyt-gallery-img-box\"><div class=\"epyt-gallery-img\" style=\"background-image: url(https:\/\/i.ytimg.com\/vi\/RGwO48N9vw4\/hqdefault.jpg)\"><div class=\"epyt-gallery-playhover\"><img data-recalc-dims=\"1\" loading=\"lazy\" decoding=\"async\" alt=\"play\" class=\"epyt-play-img\" width=\"30\" height=\"23\" src=\"https:\/\/i0.wp.com\/grafibulle.net\/happy-graphics\/wp-content\/plugins\/youtube-embed-plus\/images\/playhover.png?resize=30%2C23&#038;ssl=1\" data-no-lazy=\"1\" data-skipgform_ajax_framebjll=\"\" \/><div class=\"epyt-gallery-playcrutch\"><\/div><\/div><\/div><\/div><div class=\"epyt-gallery-title\">Dessiner une bataille de cheveux - anti\/stress<\/div><\/div><div tabindex=\"0\" role=\"button\" data-videoid=\"k9Pn4CKjoTc\" class=\"epyt-gallery-thumb\"><div class=\"epyt-gallery-img-box\"><div class=\"epyt-gallery-img\" style=\"background-image: url(https:\/\/i.ytimg.com\/vi\/k9Pn4CKjoTc\/hqdefault.jpg)\"><div class=\"epyt-gallery-playhover\"><img data-recalc-dims=\"1\" loading=\"lazy\" decoding=\"async\" alt=\"play\" class=\"epyt-play-img\" width=\"30\" height=\"23\" src=\"https:\/\/i0.wp.com\/grafibulle.net\/happy-graphics\/wp-content\/plugins\/youtube-embed-plus\/images\/playhover.png?resize=30%2C23&#038;ssl=1\" data-no-lazy=\"1\" data-skipgform_ajax_framebjll=\"\" \/><div class=\"epyt-gallery-playcrutch\"><\/div><\/div><\/div><\/div><div class=\"epyt-gallery-title\">Dessiner un MONSTRE col\u00e9rique -  gestion du stress<\/div><\/div><div tabindex=\"0\" role=\"button\" data-videoid=\"PDfMqYNPUB4\" class=\"epyt-gallery-thumb\"><div class=\"epyt-gallery-img-box\"><div class=\"epyt-gallery-img\" style=\"background-image: url(https:\/\/i.ytimg.com\/vi\/PDfMqYNPUB4\/hqdefault.jpg)\"><div class=\"epyt-gallery-playhover\"><img data-recalc-dims=\"1\" loading=\"lazy\" decoding=\"async\" alt=\"play\" class=\"epyt-play-img\" width=\"30\" height=\"23\" src=\"https:\/\/i0.wp.com\/grafibulle.net\/happy-graphics\/wp-content\/plugins\/youtube-embed-plus\/images\/playhover.png?resize=30%2C23&#038;ssl=1\" data-no-lazy=\"1\" data-skipgform_ajax_framebjll=\"\" \/><div class=\"epyt-gallery-playcrutch\"><\/div><\/div><\/div><\/div><div class=\"epyt-gallery-title\">Dessiner un LAPIN KAWAI zen - DIY<\/div><\/div><div class=\"epyt-gallery-rowbreak\"><\/div><div tabindex=\"0\" role=\"button\" data-videoid=\"znIN1qo8cUE\" class=\"epyt-gallery-thumb\"><div class=\"epyt-gallery-img-box\"><div class=\"epyt-gallery-img\" style=\"background-image: url(https:\/\/i.ytimg.com\/vi\/znIN1qo8cUE\/hqdefault.jpg)\"><div class=\"epyt-gallery-playhover\"><img data-recalc-dims=\"1\" loading=\"lazy\" decoding=\"async\" alt=\"play\" class=\"epyt-play-img\" width=\"30\" height=\"23\" src=\"https:\/\/i0.wp.com\/grafibulle.net\/happy-graphics\/wp-content\/plugins\/youtube-embed-plus\/images\/playhover.png?resize=30%2C23&#038;ssl=1\" data-no-lazy=\"1\" data-skipgform_ajax_framebjll=\"\" \/><div class=\"epyt-gallery-playcrutch\"><\/div><\/div><\/div><\/div><div class=\"epyt-gallery-title\">Dessinez une carte de voeux ZEN originale<\/div><\/div><div tabindex=\"0\" role=\"button\" data-videoid=\"jzFRThbBVAY\" class=\"epyt-gallery-thumb\"><div class=\"epyt-gallery-img-box\"><div class=\"epyt-gallery-img\" style=\"background-image: url(https:\/\/i.ytimg.com\/vi\/jzFRThbBVAY\/hqdefault.jpg)\"><div class=\"epyt-gallery-playhover\"><img data-recalc-dims=\"1\" loading=\"lazy\" decoding=\"async\" alt=\"play\" class=\"epyt-play-img\" width=\"30\" height=\"23\" src=\"https:\/\/i0.wp.com\/grafibulle.net\/happy-graphics\/wp-content\/plugins\/youtube-embed-plus\/images\/playhover.png?resize=30%2C23&#038;ssl=1\" data-no-lazy=\"1\" data-skipgform_ajax_framebjll=\"\" \/><div class=\"epyt-gallery-playcrutch\"><\/div><\/div><\/div><\/div><div class=\"epyt-gallery-title\">Dessiner Zen - Mandala figuratif lin\u00e9aire - les Zozios<\/div><\/div><div class=\"epyt-gallery-clear\"><\/div><\/div><div class=\"epyt-pagination \"><div tabindex=\"0\" role=\"button\" class=\"epyt-pagebutton epyt-prev  hide \" data-playlistid=\"PLICAcFn3QLs9k9evUwCRrpt_P32m4MI2z\" data-pagesize=\"50\" data-pagetoken=\"\" data-epcolumns=\"5\" data-showtitle=\"1\" data-showpaging=\"1\" data-autonext=\"0\" data-thumbplay=\"1\"><div class=\"epyt-arrow\">&laquo;<\/div> <div>Prev<\/div><\/div><div class=\"epyt-pagenumbers hide\"><div class=\"epyt-current\">1<\/div><div class=\"epyt-pageseparator\"> \/ <\/div><div class=\"epyt-totalpages\">1<\/div><\/div><div tabindex=\"0\" role=\"button\" class=\"epyt-pagebutton epyt-next hide \" data-playlistid=\"PLICAcFn3QLs9k9evUwCRrpt_P32m4MI2z\" data-pagesize=\"50\" data-pagetoken=\"\" data-epcolumns=\"5\" data-showtitle=\"1\" data-showpaging=\"1\" data-autonext=\"0\" data-thumbplay=\"1\"><div>Next<\/div> <div class=\"epyt-arrow\">&raquo;<\/div><\/div><div class=\"epyt-loader\"><img data-recalc-dims=\"1\" loading=\"lazy\" decoding=\"async\" alt=\"loading\" width=\"16\" height=\"11\" src=\"https:\/\/i0.wp.com\/grafibulle.net\/happy-graphics\/wp-content\/plugins\/youtube-embed-plus\/images\/gallery-page-loader.gif?resize=16%2C11&#038;ssl=1\"><\/div><\/div><\/div><\/div>\n\n\n\n<div style=\"height:100px\" aria-hidden=\"true\" class=\"wp-block-spacer\"><\/div>\n","protected":false},"excerpt":{"rendered":"<p>Comment dessiner pour se d\u00e9tendre ? C&rsquo;est ici que \u00e7a se passe \ud83d\ude42<\/p>\n","protected":false},"author":1,"featured_media":0,"parent":0,"menu_order":0,"comment_status":"closed","ping_status":"closed","template":"","meta":{"_aioseo_title":"Dessiner pour se d\u00e9tendre : GrafiZEN","_aioseo_description":"Comment dessiner pour se d\u00e9tendre ? C'est ici que \u00e7a se passe :)","_surecart_dashboard_logo_width":"180px","_surecart_dashboard_show_logo":true,"_surecart_dashboard_navigation_orders":true,"_surecart_dashboard_navigation_invoices":true,"_surecart_dashboard_navigation_subscriptions":true,"_surecart_dashboard_navigation_downloads":true,"_surecart_dashboard_navigation_billing":true,"_surecart_dashboard_navigation_account":true,"neve_meta_sidebar":"","neve_meta_container":"","neve_meta_enable_content_width":"off","neve_meta_content_width":100,"neve_meta_title_alignment":"","neve_meta_author_avatar":"","neve_post_elements_order":"","neve_meta_disable_header":"","neve_meta_disable_footer":"","neve_meta_disable_title":"","advanced_seo_description":"","jetpack_seo_html_title":"Dessiner pour se d\u00e9tendre : GrafiZEN","jetpack_seo_noindex":false,"footnotes":""},"class_list":["post-10472","page","type-page","status-publish"],"jetpack_sharing_enabled":true,"jetpack_shortlink":"https:\/\/wp.me\/P7HfPq-2IU","_links":{"self":[{"href":"https:\/\/grafibulle.net\/happy-graphics\/wp-json\/wp\/v2\/pages\/10472","targetHints":{"allow":["GET"]}}],"collection":[{"href":"https:\/\/grafibulle.net\/happy-graphics\/wp-json\/wp\/v2\/pages"}],"about":[{"href":"https:\/\/grafibulle.net\/happy-graphics\/wp-json\/wp\/v2\/types\/page"}],"author":[{"embeddable":true,"href":"https:\/\/grafibulle.net\/happy-graphics\/wp-json\/wp\/v2\/users\/1"}],"replies":[{"embeddable":true,"href":"https:\/\/grafibulle.net\/happy-graphics\/wp-json\/wp\/v2\/comments?post=10472"}],"version-history":[{"count":3,"href":"https:\/\/grafibulle.net\/happy-graphics\/wp-json\/wp\/v2\/pages\/10472\/revisions"}],"predecessor-version":[{"id":10476,"href":"https:\/\/grafibulle.net\/happy-graphics\/wp-json\/wp\/v2\/pages\/10472\/revisions\/10476"}],"wp:attachment":[{"href":"https:\/\/grafibulle.net\/happy-graphics\/wp-json\/wp\/v2\/media?parent=10472"}],"curies":[{"name":"wp","href":"https:\/\/api.w.org\/{rel}","templated":true}]}}