{"id":1150,"date":"2016-10-08T14:37:02","date_gmt":"2016-10-08T12:37:02","guid":{"rendered":"http:\/\/grafibulle.net\/happy-graphics\/?page_id=1150"},"modified":"2025-07-25T10:35:45","modified_gmt":"2025-07-25T08:35:45","slug":"espace-membre-de-grafibulle","status":"publish","type":"page","link":"https:\/\/grafibulle.net\/happy-graphics\/espace-membre-de-grafibulle\/","title":{"rendered":"Devenir Membre de Grafibulle"},"content":{"rendered":"\n<div style=\"height:30px\" aria-hidden=\"true\" class=\"wp-block-spacer\"><\/div>\n\n\n\n<h4>Devenir Membre de Grafibulle<\/h4>\n<p>S&rsquo;inscrire en tant que Membre de Grafibulle, c&rsquo;est quoi ?<\/p>\n<ul>\n<li>Des fonctionnalit\u00e9s r\u00e9serv\u00e9es aux Membres (ex : la formation \u00ab\u00a0Expressions &amp; Emotions\u00a0\u00bb)<\/li>\n<li>Des infos en exclusivit\u00e9 (inscription \u00e0 la Lettre)<\/li>\n<li>Des offres promotionnelles (-10% sur toutes vos commandes sur Boutique Hop !)<\/li>\n<li>Un espace Membre o\u00f9 on retrouve toutes les infos du site<\/li>\n<li>Un contact privil\u00e9gi\u00e9 pour vous aider dans votre dessin\/cr\u00e9ativit\u00e9\/activit\u00e9<\/li>\n<li>\u2026 Et c\u2019est GRATUIT !<\/li>\n<\/ul>\n<p style=\"text-align: left;\"><span style=\"background-color: #ffff99;\">Vous ne savez pas si vous \u00eates d\u00e9j\u00e0 Membre ? Envoyez-moi <a style=\"background-color: #ffff99;\" href=\"https:\/\/grafibulle.net\/happy-graphics\/contact\/\">un petit message<\/a> !&nbsp; &nbsp; &nbsp;<\/span><\/p>\n\n\n\n<div style=\"height:30px\" aria-hidden=\"true\" class=\"wp-block-spacer\"><\/div>\n\n\n\n<hr class=\"wp-block-separator has-alpha-channel-opacity\"\/>\n\n\n\n<p style=\"text-align: center;\"><img data-recalc-dims=\"1\" loading=\"lazy\" decoding=\"async\" data-attachment-id=\"12646\" data-permalink=\"https:\/\/grafibulle.net\/happy-graphics\/espace-membre\/img_1220\/\" data-orig-file=\"https:\/\/i0.wp.com\/grafibulle.net\/happy-graphics\/wp-content\/uploads\/2025\/02\/IMG_1220.jpeg?fit=1181%2C1181&amp;ssl=1\" data-orig-size=\"1181,1181\" data-comments-opened=\"1\" data-image-meta=\"{&quot;aperture&quot;:&quot;0&quot;,&quot;credit&quot;:&quot;&quot;,&quot;camera&quot;:&quot;&quot;,&quot;caption&quot;:&quot;&quot;,&quot;created_timestamp&quot;:&quot;0&quot;,&quot;copyright&quot;:&quot;&quot;,&quot;focal_length&quot;:&quot;0&quot;,&quot;iso&quot;:&quot;0&quot;,&quot;shutter_speed&quot;:&quot;0&quot;,&quot;title&quot;:&quot;&quot;,&quot;orientation&quot;:&quot;0&quot;}\" data-image-title=\"Vignette membre Grafibulle\" data-image-description=\"\" data-image-caption=\"\" data-large-file=\"https:\/\/i0.wp.com\/grafibulle.net\/happy-graphics\/wp-content\/uploads\/2025\/02\/IMG_1220.jpeg?fit=1024%2C1024&amp;ssl=1\" class=\"alignnone size-medium wp-image-12646\" src=\"https:\/\/i0.wp.com\/grafibulle.net\/happy-graphics\/wp-content\/uploads\/2025\/02\/IMG_1220.jpeg?resize=300%2C300&#038;ssl=1\" alt=\"\" width=\"300\" height=\"300\" srcset=\"https:\/\/i0.wp.com\/grafibulle.net\/happy-graphics\/wp-content\/uploads\/2025\/02\/IMG_1220.jpeg?resize=300%2C300&amp;ssl=1 300w, https:\/\/i0.wp.com\/grafibulle.net\/happy-graphics\/wp-content\/uploads\/2025\/02\/IMG_1220.jpeg?resize=1024%2C1024&amp;ssl=1 1024w, https:\/\/i0.wp.com\/grafibulle.net\/happy-graphics\/wp-content\/uploads\/2025\/02\/IMG_1220.jpeg?resize=100%2C100&amp;ssl=1 100w, https:\/\/i0.wp.com\/grafibulle.net\/happy-graphics\/wp-content\/uploads\/2025\/02\/IMG_1220.jpeg?resize=768%2C768&amp;ssl=1 768w, https:\/\/i0.wp.com\/grafibulle.net\/happy-graphics\/wp-content\/uploads\/2025\/02\/IMG_1220.jpeg?resize=50%2C50&amp;ssl=1 50w, https:\/\/i0.wp.com\/grafibulle.net\/happy-graphics\/wp-content\/uploads\/2025\/02\/IMG_1220.jpeg?w=1181&amp;ssl=1 1181w\" sizes=\"auto, (max-width: 300px) 100vw, 300px\" \/><\/p>\n\n\n\n<h4>Je veux devenir Membre !<\/h4>\n\n\n<div class=\"wppb-block-container\">        <form enctype=\"multipart\/form-data\" method=\"post\" id=\"wppb-register-user\" class=\"wppb-user-forms wppb-register-user wppb-user-logged-out\" action=\"https:\/\/grafibulle.net\/happy-graphics\/wp-json\/wp\/v2\/pages\/1150\">\n\t\t\t<ul><li class=\"wppb-form-field wppb-default-username\" id=\"wppb-form-element-2\">\n\t\t\t<label for=\"username\">Pr\u00e9nom ou pseudo<span class=\"wppb-required\" title=\"This field is required\">*<\/span><\/label>\n\t\t\t<input class=\"text-input default_field_username \" name=\"username\" maxlength=\"70\" type=\"text\" id=\"username\" value=\"\"  \/><\/li><li class=\"wppb-form-field wppb-default-e-mail\" id=\"wppb-form-element-8\">\n\t\t\t<label for=\"email\">E-mail<span class=\"wppb-required\" title=\"This field is required\">*<\/span><\/label>\n\t\t\t<input class=\"text-input default_field_email \" name=\"email\" maxlength=\"70\" type=\"email\" id=\"email\" value=\"\"   \/><\/li><li class=\"wppb-form-field wppb-default-password\" id=\"wppb-form-element-12\"><div class=\"wppb-password-group\">\n\t\t\t\t<div class=\"wppb-password-subfield wppb-new-password-subfield\">\n\t\t\t\t\t<label for=\"passw1\">Mot de passe<span class=\"wppb-required\" title=\"This field is required\">*<\/span><\/label>\n\t\t            <span class=\"wppb-password-field-container\">\n\t\t\t\t\t    <input class=\"text-input \" name=\"passw1\" maxlength=\"70\" type=\"password\" id=\"passw1\" value=\"\" autocomplete=\"off\" \/>\n\t\t\t\t\t    \n            <button type=\"button\" class=\"wppb-toggle-pw wppb-show-pw hide-if-no-js\" data-toggle=\"0\" aria-label=\"Show password\" tabindex=\"-1\">\n                <img decoding=\"async\" src=\"https:\/\/grafibulle.net\/happy-graphics\/wp-content\/plugins\/profile-builder\/\/assets\/images\/eye-outline.svg\" title=\"Show password\" width=\"20px\" height=\"20px\" \/>\n            <\/button> <!-- add the HTML for the visibility toggle -->\n\t\t\t\t\t<\/span>\n\t\t\t\t<\/div><\/div><span class=\"wppb-description-delimiter\">Minimum length of 8 characters. <br>The password must have a minimum strength of Weak<\/span><span id=\"pass-strength-result\">Strength indicator<\/span>\n        <input type=\"hidden\" value=\"\" name=\"wppb_password_strength\" id=\"wppb_password_strength\"\/><\/li><li class=\"wppb-form-field wppb-default-repeat-password\" id=\"wppb-form-element-13\">\n\t\t\t<label for=\"passw2\">R\u00e9p\u00e9ter le Mot de passe<span class=\"wppb-required\" title=\"This field is required\">*<\/span><\/label>\n\t\t\t<span class=\"wppb-password-field-container\">\n\t\t\t    <input class=\"text-input \" name=\"passw2\" maxlength=\"70\" type=\"password\" id=\"passw2\" value=\"\" autocomplete=\"off\" \/>\n\t\t\t    \n            <button type=\"button\" class=\"wppb-toggle-pw wppb-show-pw hide-if-no-js\" data-toggle=\"0\" aria-label=\"Show password\" tabindex=\"-1\">\n                <img decoding=\"async\" src=\"https:\/\/grafibulle.net\/happy-graphics\/wp-content\/plugins\/profile-builder\/\/assets\/images\/eye-outline.svg\" title=\"Show password\" width=\"20px\" height=\"20px\" \/>\n            <\/button> <!-- add the HTML for the visibility toggle -->\n\t\t\t<\/span><\/li><li class=\"wppb-form-field wppb-recaptcha wppb-recaptcha-invisible\" id=\"wppb-form-element-16\"><div id=\"wppb-recaptcha-element-pb_register1\" class=\"wppb-recaptcha-element wppb-invisible-recaptcha\"><\/div><\/li><\/ul><ul><\/ul><\/ul>\t\t\t<p class=\"form-submit\"  >\n\t\t\t\t                \t\t\t\t<input name=\"register\" type=\"submit\" id=\"register\" class=\"submit button\" value=\"Register\" \/>\n                <input name=\"redirect_to\" type=\"hidden\" value=\"https:\/\/grafibulle.net\/happy-graphics\/espace-membre\/\" \/>\n                \t\t\t\t<input name=\"action\" type=\"hidden\" id=\"action\" value=\"register\" \/>\n\t\t\t\t<input name=\"form_name\" type=\"hidden\" id=\"form_name\" value=\"unspecified\" \/>\n\t\t\t\t<input name=\"form_id\" type=\"hidden\" id=\"form_id\" value=\"\" \/>\n\t\t\t\t\t\t\t<\/p><!-- .form-submit -->\n\t\t\t<input type=\"hidden\" id=\"register_unspecified_nonce_field\" name=\"register_unspecified_nonce_field\" value=\"e1351f9333\" \/><input type=\"hidden\" name=\"_wp_http_referer\" value=\"\/happy-graphics\/wp-json\/wp\/v2\/pages\/1150\" \/>\t\t<\/form>\n\t\t<\/div>\n\n\n<p style=\"text-align: center;\">Cliquer sur \u00ab\u00a0Register\u00a0\u00bb valide votre inscription en tant que Membre de Grafibulle.<\/p>\n<p style=\"text-align: center;\">Vous recevrez aussi la Lettre de Grafibulle (ma newsletter). Si vous ne souhaitez pas la recevoir, cliquez sur le lien pr\u00e9sent au bas de chacune de mes Lettres pour vous d\u00e9sinscrire de celle-ci.<\/p>\n\n\n\n<div class=\"wp-block-buttons is-content-justification-center is-layout-flex wp-container-core-buttons-is-layout-a89b3969 wp-block-buttons-is-layout-flex\">\n<div class=\"wp-block-button is-style-secondary\"><a class=\"wp-block-button__link has-text-align-center wp-element-button\" href=\"https:\/\/grafibulle.net\/happy-graphics\/mentions-legales\/\">Lire les CGV\/Mentions l\u00e9gales<\/a><\/div>\n<\/div>\n\n\n\n<div style=\"height:100px\" aria-hidden=\"true\" class=\"wp-block-spacer\"><\/div>\n","protected":false},"excerpt":{"rendered":"<p>Devenir Membre de Grafibulle Avantage exclusifs dans votre espace !<\/p>\n","protected":false},"author":1,"featured_media":12646,"parent":0,"menu_order":0,"comment_status":"closed","ping_status":"closed","template":"","meta":{"_aioseo_title":"Devenez Membre de Grafibulle","_aioseo_description":"Avantage exclusifs dans votre espace ! -10% pour toutes vos commandes dans la boutique !","_surecart_dashboard_logo_width":"180px","_surecart_dashboard_show_logo":true,"_surecart_dashboard_navigation_orders":true,"_surecart_dashboard_navigation_invoices":true,"_surecart_dashboard_navigation_subscriptions":true,"_surecart_dashboard_navigation_downloads":true,"_surecart_dashboard_navigation_billing":true,"_surecart_dashboard_navigation_account":true,"neve_meta_sidebar":"","neve_meta_container":"","neve_meta_enable_content_width":"","neve_meta_content_width":0,"neve_meta_title_alignment":"","neve_meta_author_avatar":"","neve_post_elements_order":"","neve_meta_disable_header":"","neve_meta_disable_footer":"","neve_meta_disable_title":"","advanced_seo_description":"","jetpack_seo_html_title":"","jetpack_seo_noindex":false,"footnotes":""},"class_list":["post-1150","page","type-page","status-publish","has-post-thumbnail"],"jetpack_sharing_enabled":true,"jetpack_shortlink":"https:\/\/wp.me\/P7HfPq-iy","_links":{"self":[{"href":"https:\/\/grafibulle.net\/happy-graphics\/wp-json\/wp\/v2\/pages\/1150","targetHints":{"allow":["GET"]}}],"collection":[{"href":"https:\/\/grafibulle.net\/happy-graphics\/wp-json\/wp\/v2\/pages"}],"about":[{"href":"https:\/\/grafibulle.net\/happy-graphics\/wp-json\/wp\/v2\/types\/page"}],"author":[{"embeddable":true,"href":"https:\/\/grafibulle.net\/happy-graphics\/wp-json\/wp\/v2\/users\/1"}],"replies":[{"embeddable":true,"href":"https:\/\/grafibulle.net\/happy-graphics\/wp-json\/wp\/v2\/comments?post=1150"}],"version-history":[{"count":47,"href":"https:\/\/grafibulle.net\/happy-graphics\/wp-json\/wp\/v2\/pages\/1150\/revisions"}],"predecessor-version":[{"id":13161,"href":"https:\/\/grafibulle.net\/happy-graphics\/wp-json\/wp\/v2\/pages\/1150\/revisions\/13161"}],"wp:featuredmedia":[{"embeddable":true,"href":"https:\/\/grafibulle.net\/happy-graphics\/wp-json\/wp\/v2\/media\/12646"}],"wp:attachment":[{"href":"https:\/\/grafibulle.net\/happy-graphics\/wp-json\/wp\/v2\/media?parent=1150"}],"curies":[{"name":"wp","href":"https:\/\/api.w.org\/{rel}","templated":true}]}}