{"id":13972,"date":"2026-01-08T16:50:17","date_gmt":"2026-01-08T15:50:17","guid":{"rendered":"https:\/\/grafibulle.net\/happy-graphics\/?page_id=13972"},"modified":"2026-01-08T16:55:18","modified_gmt":"2026-01-08T15:55:18","slug":"ateliers-creatifs-peyrine","status":"publish","type":"page","link":"https:\/\/grafibulle.net\/happy-graphics\/ateliers-creatifs-peyrine\/","title":{"rendered":"Les Ateliers Cr\u00e9atifs de Peyrine"},"content":{"rendered":"<div id=\"pl-13972\"  class=\"panel-layout\" ><div id=\"pg-13972-0\"  class=\"panel-grid panel-has-style\" ><div class=\"panel-row-style panel-row-style-for-13972-0\" ><div id=\"pgc-13972-0-0\"  class=\"panel-grid-cell\" ><div id=\"panel-13972-0-0-0\" class=\"so-panel widget widget_sow-editor panel-first-child panel-last-child\" data-index=\"0\" ><div\n\t\t\t\n\t\t\tclass=\"so-widget-sow-editor so-widget-sow-editor-base\"\n\t\t\t\n\t\t>\n<div class=\"siteorigin-widget-tinymce textwidget\">\n\t<h2 align=\"justify\"><a href=\"https:\/\/i0.wp.com\/grafibulle.net\/happy-graphics\/wp-content\/uploads\/2024\/07\/IMG_0423.png?ssl=1\"><img data-attachment-id=\"9157\" data-permalink=\"https:\/\/grafibulle.net\/happy-graphics\/?attachment_id=9157\" data-orig-file=\"https:\/\/i0.wp.com\/grafibulle.net\/happy-graphics\/wp-content\/uploads\/2024\/07\/IMG_0423.png?fit=1394%2C1342&amp;ssl=1\" data-orig-size=\"1394,1342\" data-comments-opened=\"1\" data-image-meta=\"{&quot;aperture&quot;:&quot;0&quot;,&quot;credit&quot;:&quot;&quot;,&quot;camera&quot;:&quot;&quot;,&quot;caption&quot;:&quot;&quot;,&quot;created_timestamp&quot;:&quot;0&quot;,&quot;copyright&quot;:&quot;&quot;,&quot;focal_length&quot;:&quot;0&quot;,&quot;iso&quot;:&quot;0&quot;,&quot;shutter_speed&quot;:&quot;0&quot;,&quot;title&quot;:&quot;&quot;,&quot;orientation&quot;:&quot;0&quot;}\" data-image-title=\"avatar peyrine\" data-image-description=\"\" data-image-caption=\"\" data-large-file=\"https:\/\/i0.wp.com\/grafibulle.net\/happy-graphics\/wp-content\/uploads\/2024\/07\/IMG_0423.png?fit=1024%2C986&amp;ssl=1\" data-recalc-dims=\"1\" loading=\"lazy\" decoding=\"async\" class=\"wp-image-9157 alignleft\" src=\"https:\/\/i0.wp.com\/grafibulle.net\/happy-graphics\/wp-content\/uploads\/2024\/07\/IMG_0423.png?resize=173%2C166&#038;ssl=1\" alt=\"\" width=\"173\" height=\"166\" srcset=\"https:\/\/i0.wp.com\/grafibulle.net\/happy-graphics\/wp-content\/uploads\/2024\/07\/IMG_0423.png?resize=1024%2C986&amp;ssl=1 1024w, https:\/\/i0.wp.com\/grafibulle.net\/happy-graphics\/wp-content\/uploads\/2024\/07\/IMG_0423.png?resize=300%2C289&amp;ssl=1 300w, https:\/\/i0.wp.com\/grafibulle.net\/happy-graphics\/wp-content\/uploads\/2024\/07\/IMG_0423.png?resize=768%2C739&amp;ssl=1 768w, https:\/\/i0.wp.com\/grafibulle.net\/happy-graphics\/wp-content\/uploads\/2024\/07\/IMG_0423.png?w=1394&amp;ssl=1 1394w\" sizes=\"auto, (max-width: 173px) 100vw, 173px\" \/><\/a>Les Ateliers Cr\u00e9atifs de Peyrine<\/h2>\n<h3 align=\"justify\">Proposition de stages cr\u00e9atifs<\/h3>\n<ul>\n<li><span class=\"a_GcMg font-feature-liga-off font-feature-clig-off font-feature-calt-off text-decoration-none text-strikethrough-none\">Stage BD &amp; dessin narratif (<a href=\"https:\/\/grafibulle.net\/happy-graphics\/animations-interventions-bd-dessin\/\">d\u00e9tails ici<\/a>)<\/span><\/li>\n<li><span class=\"a_GcMg font-feature-liga-off font-feature-clig-off font-feature-calt-off text-decoration-none text-strikethrough-none\">Stage cr\u00e9ations visuelles assist\u00e9es par ordinateur<\/span><\/li>\n<li><span class=\"a_GcMg font-feature-liga-off font-feature-clig-off font-feature-calt-off text-decoration-none text-strikethrough-none\">Stage cr\u00e9ations de cartes illustr\u00e9es (loisirs, jeux, etc)<\/span><\/li>\n<\/ul>\n<h3><span class=\"a_GcMg font-feature-liga-off font-feature-clig-off font-feature-calt-off text-decoration-none text-strikethrough-none\">Mon credo<\/span><\/h3>\n<p><span class=\"a_GcMg font-feature-liga-off font-feature-clig-off font-feature-calt-off text-decoration-none text-strikethrough-none\">Offrir \u00e0 chacun, quel que soit son niveau, un espace pour s\u2019\u00e9vader, cr\u00e9er et se (re)trouver \u00e0 travers l\u2019imagination et la cr\u00e9ation graphique. En individuel, en famille ou en groupe : \u00e9criture, narration, dessin, illustration, jeux et animation image par image, etc.<\/span><\/p>\n<h3><span class=\"a_GcMg font-feature-liga-off font-feature-clig-off font-feature-calt-off text-decoration-none text-strikethrough-none\">Pour qui ?<\/span><\/h3>\n<p><span class=\"a_GcMg font-feature-liga-off font-feature-clig-off font-feature-calt-off text-decoration-none text-strikethrough-none\">Tout public, adultes et enfants. Mon animation d\u2019atelier s'adaptera en fonction des besoins.<\/span><\/p>\n<h3>A quel prix ?<\/h3>\n<p>A partir de 300\u20ac pour 3h d'affil\u00e9e. Demandez votre devis en m'envoyant tous vos d\u00e9tails dans mon <a href=\"https:\/\/grafibulle.net\/happy-graphics\/contact\/\" target=\"_blank\" rel=\"noopener\">formulaire ici<\/a>, ou sur contact@grafibulle.net<\/p>\n<p><span class=\"a_GcMg font-feature-liga-off font-feature-clig-off font-feature-calt-off text-decoration-none text-strikethrough-none\">Le devis peut \u00eatre adapt\u00e9 \u00e0 votre structure en fonction de vos besoins, notamment par des ajustements du nombre d\u2019heures en pr\u00e9sentiel par session.<\/span><\/p>\n<p>--<\/p>\n<pre>Regardez les souvenirs des pr\u00e9c\u00e9dents ateliers : <a href=\"https:\/\/grafibulle.net\/happy-graphics\/ateliers-dessin-souvenirs\/\" target=\"_blank\" rel=\"noopener\">Sur cette page<\/a><\/pre>\n<\/div>\n<\/div><\/div><\/div><\/div><\/div><\/div>","protected":false},"excerpt":{"rendered":"<p>Permettre \u00e0 chacun, en s&rsquo;amusant, de raconter et dessiner ses histoires sur une ou plusieurs pages, tout au long de l&rsquo;ann\u00e9e.<\/p>\n<p>Cr\u00e9er une Bande Dessin\u00e9e, c&rsquo;est avant tout d\u00e9couvrir (ou red\u00e9couvrir) un mode d&rsquo;expression complet, \u00e0 travailler autant sur des th\u00e8mes pr\u00e9cis, des exercices d&rsquo;\u00e9criture que sur des projets personnels.<\/p>\n","protected":false},"author":1,"featured_media":343,"parent":0,"menu_order":0,"comment_status":"closed","ping_status":"closed","template":"","meta":{"_aioseo_title":"Animations - interventions BD & Dessin","_aioseo_description":"Interventions sp\u00e9cialis\u00e9es autour de la BD : Projets p\u00e9dagogiques - Animation extra-scolaires - Ateliers salons \/ festivals ... ","_surecart_dashboard_logo_width":"180px","_surecart_dashboard_show_logo":true,"_surecart_dashboard_navigation_orders":true,"_surecart_dashboard_navigation_invoices":true,"_surecart_dashboard_navigation_subscriptions":true,"_surecart_dashboard_navigation_downloads":true,"_surecart_dashboard_navigation_billing":true,"_surecart_dashboard_navigation_account":true,"neve_meta_sidebar":"","neve_meta_container":"","neve_meta_enable_content_width":"off","neve_meta_content_width":100,"neve_meta_title_alignment":"","neve_meta_author_avatar":"","neve_post_elements_order":"","neve_meta_disable_header":"","neve_meta_disable_footer":"","neve_meta_disable_title":"","advanced_seo_description":"","jetpack_seo_html_title":"","jetpack_seo_noindex":false,"footnotes":""},"class_list":["post-13972","page","type-page","status-publish","has-post-thumbnail"],"jetpack_sharing_enabled":true,"jetpack_shortlink":"https:\/\/wp.me\/P7HfPq-3Dm","_links":{"self":[{"href":"https:\/\/grafibulle.net\/happy-graphics\/wp-json\/wp\/v2\/pages\/13972","targetHints":{"allow":["GET"]}}],"collection":[{"href":"https:\/\/grafibulle.net\/happy-graphics\/wp-json\/wp\/v2\/pages"}],"about":[{"href":"https:\/\/grafibulle.net\/happy-graphics\/wp-json\/wp\/v2\/types\/page"}],"author":[{"embeddable":true,"href":"https:\/\/grafibulle.net\/happy-graphics\/wp-json\/wp\/v2\/users\/1"}],"replies":[{"embeddable":true,"href":"https:\/\/grafibulle.net\/happy-graphics\/wp-json\/wp\/v2\/comments?post=13972"}],"version-history":[{"count":6,"href":"https:\/\/grafibulle.net\/happy-graphics\/wp-json\/wp\/v2\/pages\/13972\/revisions"}],"predecessor-version":[{"id":13980,"href":"https:\/\/grafibulle.net\/happy-graphics\/wp-json\/wp\/v2\/pages\/13972\/revisions\/13980"}],"wp:featuredmedia":[{"embeddable":true,"href":"https:\/\/grafibulle.net\/happy-graphics\/wp-json\/wp\/v2\/media\/343"}],"wp:attachment":[{"href":"https:\/\/grafibulle.net\/happy-graphics\/wp-json\/wp\/v2\/media?parent=13972"}],"curies":[{"name":"wp","href":"https:\/\/api.w.org\/{rel}","templated":true}]}}