{"id":14015,"date":"2026-02-16T11:22:26","date_gmt":"2026-02-16T10:22:26","guid":{"rendered":"https:\/\/grafibulle.net\/happy-graphics\/?page_id=14015"},"modified":"2026-02-16T12:24:23","modified_gmt":"2026-02-16T11:24:23","slug":"extensions-relais-des-passages","status":"publish","type":"page","link":"https:\/\/grafibulle.net\/happy-graphics\/extensions-relais-des-passages\/","title":{"rendered":"Extensions &#8211; Relais des Passages"},"content":{"rendered":"\n<div style=\"height:35px\" aria-hidden=\"true\" class=\"wp-block-spacer\"><\/div>\n\n\n\n<h4 style=\"text-align: center;\">Les extensions du Relais des Passages<\/h4>\n\n\n\n<div class=\"wp-block-columns is-layout-flex wp-container-core-columns-is-layout-28f84493 wp-block-columns-is-layout-flex\">\n<div class=\"wp-block-column is-layout-flow wp-block-column-is-layout-flow\" style=\"flex-basis:50%\">\n<figure class=\"wp-block-image size-large\"><img data-recalc-dims=\"1\" loading=\"lazy\" decoding=\"async\" width=\"733\" height=\"1024\" data-attachment-id=\"14019\" data-permalink=\"https:\/\/grafibulle.net\/happy-graphics\/livret-de-jeu-le-relais-des-passages-1\/\" data-orig-file=\"https:\/\/i0.wp.com\/grafibulle.net\/happy-graphics\/wp-content\/uploads\/2026\/02\/couv.jpeg?fit=1431%2C2000&amp;ssl=1\" data-orig-size=\"1431,2000\" data-comments-opened=\"1\" data-image-meta=\"{&quot;aperture&quot;:&quot;0&quot;,&quot;credit&quot;:&quot;Peyrine Grafibulle (Peyrine)&quot;,&quot;camera&quot;:&quot;&quot;,&quot;caption&quot;:&quot;&quot;,&quot;created_timestamp&quot;:&quot;0&quot;,&quot;copyright&quot;:&quot;&quot;,&quot;focal_length&quot;:&quot;0&quot;,&quot;iso&quot;:&quot;0&quot;,&quot;shutter_speed&quot;:&quot;0&quot;,&quot;title&quot;:&quot;Livret de jeu le relais des passages - 1&quot;,&quot;orientation&quot;:&quot;1&quot;}\" data-image-title=\"Livret de jeu le relais des passages &amp;#8211; 1\" data-image-description=\"\" data-image-caption=\"\" data-large-file=\"https:\/\/i0.wp.com\/grafibulle.net\/happy-graphics\/wp-content\/uploads\/2026\/02\/couv.jpeg?fit=733%2C1024&amp;ssl=1\" src=\"https:\/\/i0.wp.com\/grafibulle.net\/happy-graphics\/wp-content\/uploads\/2026\/02\/couv.jpeg?resize=733%2C1024&#038;ssl=1\" alt=\"\" class=\"wp-image-14019\" srcset=\"https:\/\/i0.wp.com\/grafibulle.net\/happy-graphics\/wp-content\/uploads\/2026\/02\/couv.jpeg?resize=733%2C1024&amp;ssl=1 733w, https:\/\/i0.wp.com\/grafibulle.net\/happy-graphics\/wp-content\/uploads\/2026\/02\/couv.jpeg?resize=215%2C300&amp;ssl=1 215w, https:\/\/i0.wp.com\/grafibulle.net\/happy-graphics\/wp-content\/uploads\/2026\/02\/couv.jpeg?resize=768%2C1073&amp;ssl=1 768w, https:\/\/i0.wp.com\/grafibulle.net\/happy-graphics\/wp-content\/uploads\/2026\/02\/couv.jpeg?resize=1099%2C1536&amp;ssl=1 1099w, https:\/\/i0.wp.com\/grafibulle.net\/happy-graphics\/wp-content\/uploads\/2026\/02\/couv.jpeg?w=1431&amp;ssl=1 1431w\" sizes=\"auto, (max-width: 733px) 100vw, 733px\" \/><\/figure>\n<\/div>\n\n\n\n<div class=\"wp-block-column is-layout-flow wp-block-column-is-layout-flow\" style=\"flex-basis:66.66%\">\n<div style=\"height:35px\" aria-hidden=\"true\" class=\"wp-block-spacer\"><\/div>\n\n\n\n<p style=\"text-align: justify;\" data-start=\"215\" data-end=\"321\"><strong data-start=\"215\" data-end=\"321\">Si vous \u00eates ici gr\u00e2ce au livret du jeu, c\u2019est que l\u2019enqu\u00eate n\u2019est peut-\u00eatre pas tout \u00e0 fait termin\u00e9e.<\/strong><\/p>\n<p style=\"text-align: center;\" data-start=\"323\" data-end=\"559\">L\u2019histoire du <strong><em data-start=\"337\" data-end=\"358\">Relais des Passages<\/em> ne s\u2019arr\u00eate pas<br \/>\u00e0 la premi\u00e8re aventure.<\/strong><\/p>\n<p style=\"text-align: justify;\" data-start=\"323\" data-end=\"559\">Sur cette page appara\u00eetront bient\u00f4t des extensions pour explorer de nouvelles versions du myst\u00e8re : \u00e9nigmes diff\u00e9rentes, chapitres alternatifs, fins in\u00e9dites\u2026\u00a0<\/p>\n<p style=\"text-align: center;\" data-start=\"323\" data-end=\"559\"><strong>De nouvelles fa\u00e7ons de vivre l\u2019histoire,<br \/><\/strong>sans changer les r\u00e8gles ni les personnages.\u00a0<\/p>\n<p style=\"text-align: justify;\" data-start=\"323\" data-end=\"559\">Si vous souhaitez poursuivre l\u2019aventure, remplissez le formulaire ci-dessous pour \u00eatre inform\u00e9.e d\u00e8s la sortie des prochaines extensions \ud83d\ude42\u00a0<\/p>\n<\/div>\n<\/div>\n\n\n\n<div style=\"height:35px\" aria-hidden=\"true\" class=\"wp-block-spacer\"><\/div>\n\n\n<div class=\"wp-block-image\">\n<figure class=\"aligncenter size-full is-resized\"><img data-recalc-dims=\"1\" loading=\"lazy\" decoding=\"async\" width=\"963\" height=\"85\" data-attachment-id=\"14027\" data-permalink=\"https:\/\/grafibulle.net\/happy-graphics\/extensions-relais-des-passages\/extract-pack-diviseur-ornemental\/\" data-orig-file=\"https:\/\/i0.wp.com\/grafibulle.net\/happy-graphics\/wp-content\/uploads\/2026\/02\/extract-pack-diviseur-ornemental.png?fit=963%2C85&amp;ssl=1\" data-orig-size=\"963,85\" data-comments-opened=\"1\" data-image-meta=\"{&quot;aperture&quot;:&quot;0&quot;,&quot;credit&quot;:&quot;&quot;,&quot;camera&quot;:&quot;&quot;,&quot;caption&quot;:&quot;&quot;,&quot;created_timestamp&quot;:&quot;0&quot;,&quot;copyright&quot;:&quot;&quot;,&quot;focal_length&quot;:&quot;0&quot;,&quot;iso&quot;:&quot;0&quot;,&quot;shutter_speed&quot;:&quot;0&quot;,&quot;title&quot;:&quot;&quot;,&quot;orientation&quot;:&quot;0&quot;}\" data-image-title=\"extract pack-diviseur-ornemental\" data-image-description=\"\" data-image-caption=\"\" data-large-file=\"https:\/\/i0.wp.com\/grafibulle.net\/happy-graphics\/wp-content\/uploads\/2026\/02\/extract-pack-diviseur-ornemental.png?fit=963%2C85&amp;ssl=1\" src=\"https:\/\/i0.wp.com\/grafibulle.net\/happy-graphics\/wp-content\/uploads\/2026\/02\/extract-pack-diviseur-ornemental.png?resize=963%2C85&#038;ssl=1\" alt=\"\" class=\"wp-image-14027\" style=\"aspect-ratio:11.330433137885379;width:227px;height:auto\" srcset=\"https:\/\/i0.wp.com\/grafibulle.net\/happy-graphics\/wp-content\/uploads\/2026\/02\/extract-pack-diviseur-ornemental.png?w=963&amp;ssl=1 963w, https:\/\/i0.wp.com\/grafibulle.net\/happy-graphics\/wp-content\/uploads\/2026\/02\/extract-pack-diviseur-ornemental.png?resize=300%2C26&amp;ssl=1 300w, https:\/\/i0.wp.com\/grafibulle.net\/happy-graphics\/wp-content\/uploads\/2026\/02\/extract-pack-diviseur-ornemental.png?resize=768%2C68&amp;ssl=1 768w\" sizes=\"auto, (max-width: 963px) 100vw, 963px\" \/><\/figure>\n<\/div>\n\n\n<div style=\"height:35px\" aria-hidden=\"true\" class=\"wp-block-spacer\"><\/div>\n\n\n<div class=\"wpforms-container wpforms-container-full wpforms-block wpforms-block-a2ca8fb4-1229-42cf-9399-65501c068c75\" id=\"wpforms-14008\"><form id=\"wpforms-form-14008\" class=\"wpforms-validate wpforms-form wpforms-ajax-form\" data-formid=\"14008\" method=\"post\" enctype=\"multipart\/form-data\" action=\"\/happy-graphics\/wp-json\/wp\/v2\/pages\/14015\" data-token=\"e8a7165d1422195dfdf2dfc8ac9d8d4d\" data-token-time=\"1776600434\"><div class=\"wpforms-head-container\"><div class=\"wpforms-description\">Je cr\u00e9e ce formulaire pour que chacun puisse \u00eatre tenu.e au courant (uniquement) de mes nouvelles cr\u00e9ations autour du jeu &#8220;Relais des Passages&#8221; t\u00e9l\u00e9chargeables \ud83d\ude42 Merci pour l&#8217;int\u00e9r\u00eat que vous portez \u00e0 mes cr\u00e9ations ! Peyrine.<\/div><\/div><noscript class=\"wpforms-error-noscript\">Veuillez activer JavaScript dans votre navigateur pour remplir ce formulaire.<\/noscript><div class=\"wpforms-field-container\"><div id=\"wpforms-14008-field_6-container\" class=\"wpforms-field wpforms-field-layout\" data-field-id=\"6\"><div class=\"wpforms-field-layout-rows wpforms-field-large\"><div class=\"wpforms-layout-row\"><div class=\"wpforms-layout-column wpforms-layout-column-50\"><div id=\"wpforms-14008-field_1-container\" class=\"wpforms-field wpforms-field-name\" data-field-id=\"1\"><label class=\"wpforms-field-label\" for=\"wpforms-14008-field_1\">Pr\u00e9nom ou Pseudo<\/label><input type=\"text\" id=\"wpforms-14008-field_1\" class=\"wpforms-field-medium\" name=\"wpforms[fields][1]\" ><\/div><\/div><div class=\"wpforms-layout-column wpforms-layout-column-50\"><div id=\"wpforms-14008-field_2-container\" class=\"wpforms-field wpforms-field-email\" data-field-id=\"2\"><label class=\"wpforms-field-label\" for=\"wpforms-14008-field_2\">Email <span class=\"wpforms-required-label\">*<\/span><\/label><input type=\"email\" id=\"wpforms-14008-field_2\" class=\"wpforms-field-medium wpforms-field-required\" name=\"wpforms[fields][2]\" spellcheck=\"false\" required><\/div><\/div><\/div><\/div><\/div>\t\t<div id=\"wpforms-14008-field_4-container\"\n\t\t\tclass=\"wpforms-field wpforms-field-text\"\n\t\t\tdata-field-type=\"text\"\n\t\t\tdata-field-id=\"4\"\n\t\t\t>\n\t\t\t<label class=\"wpforms-field-label\" for=\"wpforms-14008-field_4\" >Pseudo RGPD ou<\/label>\n\t\t\t<input type=\"text\" id=\"wpforms-14008-field_4\" class=\"wpforms-field-medium\" name=\"wpforms[fields][4]\" >\n\t\t<\/div>\n\t\t<div id=\"wpforms-14008-field_3-container\" class=\"wpforms-field wpforms-field-gdpr-checkbox\" data-field-id=\"3\"><label class=\"wpforms-field-label wpforms-label-hide\">Consentement RGPD <span class=\"wpforms-required-label\">*<\/span><\/label><ul id=\"wpforms-14008-field_3\" class=\"wpforms-field-required\"><li class=\"choice-1\"><input type=\"checkbox\" id=\"wpforms-14008-field_3_1\" name=\"wpforms[fields][3][]\" value=\"J\u2019ai lu et j\u2019accepte la politique de confidentialit\u00e9 (RGPD) - Disponible au bas de chaque page de ce site.\" required ><label class=\"wpforms-field-label-inline\" for=\"wpforms-14008-field_3_1\">J\u2019ai lu et j\u2019accepte la politique de confidentialit\u00e9 (RGPD) &#8211; Disponible au bas de chaque page de ce site. <span class=\"wpforms-required-label\">*<\/span><\/label><\/li><\/ul><\/div><script>\n\t\t\t\t( function() {\n\t\t\t\t\tconst style = document.createElement( 'style' );\n\t\t\t\t\tstyle.appendChild( document.createTextNode( '#wpforms-14008-field_4-container { position: absolute !important; overflow: hidden !important; display: inline !important; height: 1px !important; width: 1px !important; z-index: -1000 !important; padding: 0 !important; } #wpforms-14008-field_4-container input { visibility: hidden; } #wpforms-conversational-form-page #wpforms-14008-field_4-container label { counter-increment: none; }' ) );\n\t\t\t\t\tdocument.head.appendChild( style );\n\t\t\t\t\tdocument.currentScript?.remove();\n\t\t\t\t} )();\n\t\t\t<\/script><\/div><!-- .wpforms-field-container --><div class=\"wpforms-recaptcha-container wpforms-is-recaptcha wpforms-is-recaptcha-type-v3\" ><input type=\"hidden\" name=\"wpforms[recaptcha]\" value=\"\"><\/div><div class=\"wpforms-submit-container\" ><input type=\"hidden\" name=\"wpforms[id]\" value=\"14008\"><input type=\"hidden\" name=\"page_title\" value=\"\"><input type=\"hidden\" name=\"page_url\" value=\"https:\/\/grafibulle.net\/happy-graphics\/wp-json\/wp\/v2\/pages\/14015\"><input type=\"hidden\" name=\"url_referer\" value=\"\"><button type=\"submit\" name=\"wpforms[submit]\" id=\"wpforms-submit-14008\" class=\"wpforms-submit\" data-alt-text=\"Envoi en cours...\" data-submit-text=\"Ok, je valide !\" aria-live=\"assertive\" value=\"wpforms-submit\">Ok, je valide !<\/button><img loading=\"lazy\" decoding=\"async\" src=\"https:\/\/grafibulle.net\/happy-graphics\/wp-content\/plugins\/wpforms\/assets\/images\/submit-spin.svg\" class=\"wpforms-submit-spinner\" style=\"display: none;\" width=\"26\" height=\"26\" alt=\"Chargement en cours\"><\/div><\/form><\/div>  <!-- .wpforms-container -->\n\n\n<div class=\"wp-block-columns is-layout-flex wp-container-core-columns-is-layout-28f84493 wp-block-columns-is-layout-flex\">\n<div class=\"wp-block-column is-layout-flow wp-block-column-is-layout-flow\">\n<figure class=\"wp-block-image size-full is-resized\"><img data-recalc-dims=\"1\" loading=\"lazy\" decoding=\"async\" width=\"591\" height=\"709\" data-attachment-id=\"14050\" data-permalink=\"https:\/\/grafibulle.net\/happy-graphics\/iris\/\" data-orig-file=\"https:\/\/i0.wp.com\/grafibulle.net\/happy-graphics\/wp-content\/uploads\/2026\/02\/Iris.png?fit=591%2C709&amp;ssl=1\" data-orig-size=\"591,709\" data-comments-opened=\"1\" data-image-meta=\"{&quot;aperture&quot;:&quot;0&quot;,&quot;credit&quot;:&quot;&quot;,&quot;camera&quot;:&quot;&quot;,&quot;caption&quot;:&quot;&quot;,&quot;created_timestamp&quot;:&quot;0&quot;,&quot;copyright&quot;:&quot;&quot;,&quot;focal_length&quot;:&quot;0&quot;,&quot;iso&quot;:&quot;0&quot;,&quot;shutter_speed&quot;:&quot;0&quot;,&quot;title&quot;:&quot;&quot;,&quot;orientation&quot;:&quot;0&quot;}\" data-image-title=\"Iris\" data-image-description=\"\" data-image-caption=\"\" data-large-file=\"https:\/\/i0.wp.com\/grafibulle.net\/happy-graphics\/wp-content\/uploads\/2026\/02\/Iris.png?fit=591%2C709&amp;ssl=1\" src=\"https:\/\/i0.wp.com\/grafibulle.net\/happy-graphics\/wp-content\/uploads\/2026\/02\/Iris.png?resize=591%2C709&#038;ssl=1\" alt=\"\" class=\"wp-image-14050\" style=\"aspect-ratio:0.8335826806301153;width:241px;height:auto\" srcset=\"https:\/\/i0.wp.com\/grafibulle.net\/happy-graphics\/wp-content\/uploads\/2026\/02\/Iris.png?w=591&amp;ssl=1 591w, https:\/\/i0.wp.com\/grafibulle.net\/happy-graphics\/wp-content\/uploads\/2026\/02\/Iris.png?resize=250%2C300&amp;ssl=1 250w\" sizes=\"auto, (max-width: 591px) 100vw, 591px\" \/><\/figure>\n<\/div>\n\n\n\n<div class=\"wp-block-column is-layout-flow wp-block-column-is-layout-flow\">\n<figure class=\"wp-block-image size-full is-resized\"><img data-recalc-dims=\"1\" loading=\"lazy\" decoding=\"async\" width=\"591\" height=\"709\" data-attachment-id=\"14066\" data-permalink=\"https:\/\/grafibulle.net\/happy-graphics\/extensions-relais-des-passages\/attachment\/4\/\" data-orig-file=\"https:\/\/i0.wp.com\/grafibulle.net\/happy-graphics\/wp-content\/uploads\/2026\/02\/4.png?fit=591%2C709&amp;ssl=1\" data-orig-size=\"591,709\" data-comments-opened=\"1\" data-image-meta=\"{&quot;aperture&quot;:&quot;0&quot;,&quot;credit&quot;:&quot;&quot;,&quot;camera&quot;:&quot;&quot;,&quot;caption&quot;:&quot;&quot;,&quot;created_timestamp&quot;:&quot;0&quot;,&quot;copyright&quot;:&quot;&quot;,&quot;focal_length&quot;:&quot;0&quot;,&quot;iso&quot;:&quot;0&quot;,&quot;shutter_speed&quot;:&quot;0&quot;,&quot;title&quot;:&quot;&quot;,&quot;orientation&quot;:&quot;0&quot;}\" data-image-title=\"4\" data-image-description=\"\" data-image-caption=\"\" data-large-file=\"https:\/\/i0.wp.com\/grafibulle.net\/happy-graphics\/wp-content\/uploads\/2026\/02\/4.png?fit=591%2C709&amp;ssl=1\" src=\"https:\/\/i0.wp.com\/grafibulle.net\/happy-graphics\/wp-content\/uploads\/2026\/02\/4.png?resize=591%2C709&#038;ssl=1\" alt=\"\" class=\"wp-image-14066\" style=\"aspect-ratio:0.8335826806301153;width:241px;height:auto\" srcset=\"https:\/\/i0.wp.com\/grafibulle.net\/happy-graphics\/wp-content\/uploads\/2026\/02\/4.png?w=591&amp;ssl=1 591w, https:\/\/i0.wp.com\/grafibulle.net\/happy-graphics\/wp-content\/uploads\/2026\/02\/4.png?resize=250%2C300&amp;ssl=1 250w\" sizes=\"auto, (max-width: 591px) 100vw, 591px\" \/><\/figure>\n<\/div>\n\n\n\n<div class=\"wp-block-column is-layout-flow wp-block-column-is-layout-flow\">\n<figure class=\"wp-block-image size-full is-resized\"><img data-recalc-dims=\"1\" loading=\"lazy\" decoding=\"async\" width=\"591\" height=\"709\" data-attachment-id=\"14068\" data-permalink=\"https:\/\/grafibulle.net\/happy-graphics\/extensions-relais-des-passages\/attachment\/6\/\" data-orig-file=\"https:\/\/i0.wp.com\/grafibulle.net\/happy-graphics\/wp-content\/uploads\/2026\/02\/6.png?fit=591%2C709&amp;ssl=1\" data-orig-size=\"591,709\" data-comments-opened=\"1\" data-image-meta=\"{&quot;aperture&quot;:&quot;0&quot;,&quot;credit&quot;:&quot;&quot;,&quot;camera&quot;:&quot;&quot;,&quot;caption&quot;:&quot;&quot;,&quot;created_timestamp&quot;:&quot;0&quot;,&quot;copyright&quot;:&quot;&quot;,&quot;focal_length&quot;:&quot;0&quot;,&quot;iso&quot;:&quot;0&quot;,&quot;shutter_speed&quot;:&quot;0&quot;,&quot;title&quot;:&quot;&quot;,&quot;orientation&quot;:&quot;0&quot;}\" data-image-title=\"6\" data-image-description=\"\" data-image-caption=\"\" data-large-file=\"https:\/\/i0.wp.com\/grafibulle.net\/happy-graphics\/wp-content\/uploads\/2026\/02\/6.png?fit=591%2C709&amp;ssl=1\" src=\"https:\/\/i0.wp.com\/grafibulle.net\/happy-graphics\/wp-content\/uploads\/2026\/02\/6.png?resize=591%2C709&#038;ssl=1\" alt=\"\" class=\"wp-image-14068\" style=\"aspect-ratio:0.8335826806301153;width:241px;height:auto\" srcset=\"https:\/\/i0.wp.com\/grafibulle.net\/happy-graphics\/wp-content\/uploads\/2026\/02\/6.png?w=591&amp;ssl=1 591w, https:\/\/i0.wp.com\/grafibulle.net\/happy-graphics\/wp-content\/uploads\/2026\/02\/6.png?resize=250%2C300&amp;ssl=1 250w\" sizes=\"auto, (max-width: 591px) 100vw, 591px\" \/><\/figure>\n<\/div>\n\n\n\n<div class=\"wp-block-column is-layout-flow wp-block-column-is-layout-flow\">\n<figure class=\"wp-block-image size-full is-resized\"><img data-recalc-dims=\"1\" loading=\"lazy\" decoding=\"async\" width=\"591\" height=\"709\" data-attachment-id=\"14069\" data-permalink=\"https:\/\/grafibulle.net\/happy-graphics\/extensions-relais-des-passages\/attachment\/7\/\" data-orig-file=\"https:\/\/i0.wp.com\/grafibulle.net\/happy-graphics\/wp-content\/uploads\/2026\/02\/7.png?fit=591%2C709&amp;ssl=1\" data-orig-size=\"591,709\" data-comments-opened=\"1\" data-image-meta=\"{&quot;aperture&quot;:&quot;0&quot;,&quot;credit&quot;:&quot;&quot;,&quot;camera&quot;:&quot;&quot;,&quot;caption&quot;:&quot;&quot;,&quot;created_timestamp&quot;:&quot;0&quot;,&quot;copyright&quot;:&quot;&quot;,&quot;focal_length&quot;:&quot;0&quot;,&quot;iso&quot;:&quot;0&quot;,&quot;shutter_speed&quot;:&quot;0&quot;,&quot;title&quot;:&quot;&quot;,&quot;orientation&quot;:&quot;0&quot;}\" data-image-title=\"7\" data-image-description=\"\" data-image-caption=\"\" data-large-file=\"https:\/\/i0.wp.com\/grafibulle.net\/happy-graphics\/wp-content\/uploads\/2026\/02\/7.png?fit=591%2C709&amp;ssl=1\" src=\"https:\/\/i0.wp.com\/grafibulle.net\/happy-graphics\/wp-content\/uploads\/2026\/02\/7.png?resize=591%2C709&#038;ssl=1\" alt=\"\" class=\"wp-image-14069\" style=\"aspect-ratio:0.8335826806301153;width:241px;height:auto\" srcset=\"https:\/\/i0.wp.com\/grafibulle.net\/happy-graphics\/wp-content\/uploads\/2026\/02\/7.png?w=591&amp;ssl=1 591w, https:\/\/i0.wp.com\/grafibulle.net\/happy-graphics\/wp-content\/uploads\/2026\/02\/7.png?resize=250%2C300&amp;ssl=1 250w\" sizes=\"auto, (max-width: 591px) 100vw, 591px\" \/><\/figure>\n<\/div>\n<\/div>\n\n\n<div class=\"wp-block-image\">\n<figure class=\"aligncenter size-full is-resized\"><img data-recalc-dims=\"1\" loading=\"lazy\" decoding=\"async\" width=\"963\" height=\"85\" data-attachment-id=\"14027\" data-permalink=\"https:\/\/grafibulle.net\/happy-graphics\/extensions-relais-des-passages\/extract-pack-diviseur-ornemental\/\" data-orig-file=\"https:\/\/i0.wp.com\/grafibulle.net\/happy-graphics\/wp-content\/uploads\/2026\/02\/extract-pack-diviseur-ornemental.png?fit=963%2C85&amp;ssl=1\" data-orig-size=\"963,85\" data-comments-opened=\"1\" data-image-meta=\"{&quot;aperture&quot;:&quot;0&quot;,&quot;credit&quot;:&quot;&quot;,&quot;camera&quot;:&quot;&quot;,&quot;caption&quot;:&quot;&quot;,&quot;created_timestamp&quot;:&quot;0&quot;,&quot;copyright&quot;:&quot;&quot;,&quot;focal_length&quot;:&quot;0&quot;,&quot;iso&quot;:&quot;0&quot;,&quot;shutter_speed&quot;:&quot;0&quot;,&quot;title&quot;:&quot;&quot;,&quot;orientation&quot;:&quot;0&quot;}\" data-image-title=\"extract pack-diviseur-ornemental\" data-image-description=\"\" data-image-caption=\"\" data-large-file=\"https:\/\/i0.wp.com\/grafibulle.net\/happy-graphics\/wp-content\/uploads\/2026\/02\/extract-pack-diviseur-ornemental.png?fit=963%2C85&amp;ssl=1\" src=\"https:\/\/i0.wp.com\/grafibulle.net\/happy-graphics\/wp-content\/uploads\/2026\/02\/extract-pack-diviseur-ornemental.png?resize=963%2C85&#038;ssl=1\" alt=\"\" class=\"wp-image-14027\" style=\"aspect-ratio:11.330433137885379;width:227px;height:auto\" srcset=\"https:\/\/i0.wp.com\/grafibulle.net\/happy-graphics\/wp-content\/uploads\/2026\/02\/extract-pack-diviseur-ornemental.png?w=963&amp;ssl=1 963w, https:\/\/i0.wp.com\/grafibulle.net\/happy-graphics\/wp-content\/uploads\/2026\/02\/extract-pack-diviseur-ornemental.png?resize=300%2C26&amp;ssl=1 300w, https:\/\/i0.wp.com\/grafibulle.net\/happy-graphics\/wp-content\/uploads\/2026\/02\/extract-pack-diviseur-ornemental.png?resize=768%2C68&amp;ssl=1 768w\" sizes=\"auto, (max-width: 963px) 100vw, 963px\" \/><\/figure>\n<\/div>\n\n\n<div style=\"height:78px\" aria-hidden=\"true\" class=\"wp-block-spacer\"><\/div>\n\n\n\n<div class=\"wp-block-columns is-layout-flex wp-container-core-columns-is-layout-28f84493 wp-block-columns-is-layout-flex\">\n<div class=\"wp-block-column is-layout-flow wp-block-column-is-layout-flow\" style=\"flex-basis:33.33%\"><div class=\"wp-block-image is-style-rounded\">\n<figure class=\"aligncenter size-full\"><img data-recalc-dims=\"1\" loading=\"lazy\" decoding=\"async\" width=\"767\" height=\"1022\" data-attachment-id=\"14040\" data-permalink=\"https:\/\/grafibulle.net\/happy-graphics\/arthur-2\/\" data-orig-file=\"https:\/\/i0.wp.com\/grafibulle.net\/happy-graphics\/wp-content\/uploads\/2026\/02\/Arthur-edited.jpeg?fit=767%2C1022&amp;ssl=1\" data-orig-size=\"767,1022\" data-comments-opened=\"1\" data-image-meta=\"{&quot;aperture&quot;:&quot;0&quot;,&quot;credit&quot;:&quot;&quot;,&quot;camera&quot;:&quot;&quot;,&quot;caption&quot;:&quot;&quot;,&quot;created_timestamp&quot;:&quot;0&quot;,&quot;copyright&quot;:&quot;&quot;,&quot;focal_length&quot;:&quot;0&quot;,&quot;iso&quot;:&quot;0&quot;,&quot;shutter_speed&quot;:&quot;0&quot;,&quot;title&quot;:&quot;&quot;,&quot;orientation&quot;:&quot;0&quot;}\" data-image-title=\"Arthur\" data-image-description=\"\" data-image-caption=\"\" data-large-file=\"https:\/\/i0.wp.com\/grafibulle.net\/happy-graphics\/wp-content\/uploads\/2026\/02\/Arthur-edited.jpeg?fit=767%2C1022&amp;ssl=1\" src=\"https:\/\/i0.wp.com\/grafibulle.net\/happy-graphics\/wp-content\/uploads\/2026\/02\/Arthur-edited.jpeg?resize=767%2C1022&#038;ssl=1\" alt=\"\" class=\"wp-image-14040\" srcset=\"https:\/\/i0.wp.com\/grafibulle.net\/happy-graphics\/wp-content\/uploads\/2026\/02\/Arthur-edited.jpeg?w=767&amp;ssl=1 767w, https:\/\/i0.wp.com\/grafibulle.net\/happy-graphics\/wp-content\/uploads\/2026\/02\/Arthur-edited.jpeg?resize=225%2C300&amp;ssl=1 225w\" sizes=\"auto, (max-width: 767px) 100vw, 767px\" \/><\/figure>\n<\/div><\/div>\n\n\n\n<div class=\"wp-block-column is-layout-flow wp-block-column-is-layout-flow\" style=\"flex-basis:66.66%\">\n<p style=\"text-align: justify;\" data-start=\"463\" data-end=\"657\"><strong data-start=\"463\" data-end=\"498\">\u00c0 propos de cette inscription :<\/strong><\/p>\n<p style=\"text-align: justify;\" data-start=\"463\" data-end=\"657\">Cette liste sera r\u00e9serv\u00e9e aux extensions du <em data-start=\"544\" data-end=\"565\">Relais des Passages<\/em>. Vous recevrez uniquement des mails &#8220;classiques&#8221; (mais prot\u00e9g\u00e9s) pour \u00eatre inform\u00e9.e de leur mise \u00e0 disposition. Ce n\u2019est pas la Lettre de Grafibulle (ma newsletter), mais vous pourrez aussi vous d\u00e9sinscrire \u00e0 tout moment, par retour de mail.<\/p>\n<p data-start=\"647\" data-end=\"775\"><strong>Sinon, si vous souhaitez \u00eatre tenus au courant de toutes mes actualit\u00e9s cr\u00e9atives<\/strong>&#8230; <a href=\"https:\/\/grafibulle.net\/happy-graphics\/recevoir-lettre-grafibulle\/\">Rendez-vous ici !<\/a><\/p>\n<\/div>\n<\/div>\n\n\n\n<h4 style=\"text-align: center;\">Les extensions du Relais des Passages<\/h4>\n","protected":false},"excerpt":{"rendered":"<p>Sur cette page appara\u00eetront bient\u00f4t des extensions\u2026\u00a0De nouvelles fa\u00e7ons de vivre l\u2019histoire, sans changer les r\u00e8gles ni les personnages.\u00a0<\/p>\n","protected":false},"author":1,"featured_media":14017,"parent":0,"menu_order":0,"comment_status":"closed","ping_status":"closed","template":"","meta":{"_aioseo_title":"Les extensions du Relais des Passages","_aioseo_description":"Sur cette page appara\u00eetront bient\u00f4t des extensions\u2026\u00a0De nouvelles fa\u00e7ons de vivre l\u2019histoire, sans changer les r\u00e8gles ni les personnages.\u00a0","_surecart_dashboard_logo_width":"180px","_surecart_dashboard_show_logo":true,"_surecart_dashboard_navigation_orders":true,"_surecart_dashboard_navigation_invoices":true,"_surecart_dashboard_navigation_subscriptions":true,"_surecart_dashboard_navigation_downloads":true,"_surecart_dashboard_navigation_billing":true,"_surecart_dashboard_navigation_account":true,"neve_meta_sidebar":"","neve_meta_container":"","neve_meta_enable_content_width":"","neve_meta_content_width":0,"neve_meta_title_alignment":"","neve_meta_author_avatar":"","neve_post_elements_order":"","neve_meta_disable_header":"","neve_meta_disable_footer":"","neve_meta_disable_title":"","advanced_seo_description":"","jetpack_seo_html_title":"","jetpack_seo_noindex":false,"footnotes":""},"class_list":["post-14015","page","type-page","status-publish","has-post-thumbnail"],"jetpack_sharing_enabled":true,"jetpack_shortlink":"https:\/\/wp.me\/P7HfPq-3E3","_links":{"self":[{"href":"https:\/\/grafibulle.net\/happy-graphics\/wp-json\/wp\/v2\/pages\/14015","targetHints":{"allow":["GET"]}}],"collection":[{"href":"https:\/\/grafibulle.net\/happy-graphics\/wp-json\/wp\/v2\/pages"}],"about":[{"href":"https:\/\/grafibulle.net\/happy-graphics\/wp-json\/wp\/v2\/types\/page"}],"author":[{"embeddable":true,"href":"https:\/\/grafibulle.net\/happy-graphics\/wp-json\/wp\/v2\/users\/1"}],"replies":[{"embeddable":true,"href":"https:\/\/grafibulle.net\/happy-graphics\/wp-json\/wp\/v2\/comments?post=14015"}],"version-history":[{"count":29,"href":"https:\/\/grafibulle.net\/happy-graphics\/wp-json\/wp\/v2\/pages\/14015\/revisions"}],"predecessor-version":[{"id":14092,"href":"https:\/\/grafibulle.net\/happy-graphics\/wp-json\/wp\/v2\/pages\/14015\/revisions\/14092"}],"wp:featuredmedia":[{"embeddable":true,"href":"https:\/\/grafibulle.net\/happy-graphics\/wp-json\/wp\/v2\/media\/14017"}],"wp:attachment":[{"href":"https:\/\/grafibulle.net\/happy-graphics\/wp-json\/wp\/v2\/media?parent=14015"}],"curies":[{"name":"wp","href":"https:\/\/api.w.org\/{rel}","templated":true}]}}