{"id":2387,"date":"2017-06-22T14:09:48","date_gmt":"2017-06-22T12:09:48","guid":{"rendered":"http:\/\/grafibulle.net\/happy-graphics\/?page_id=2387"},"modified":"2025-07-25T09:39:39","modified_gmt":"2025-07-25T07:39:39","slug":"recevoir-lettre-grafibulle","status":"publish","type":"page","link":"https:\/\/grafibulle.net\/happy-graphics\/recevoir-lettre-grafibulle\/","title":{"rendered":"Recevoir la Lettre de Grafibulle"},"content":{"rendered":"\n<div style=\"height:41px\" aria-hidden=\"true\" class=\"wp-block-spacer\"><\/div>\n\n\n\n<h4>Inscription \u00e0 la Lettre de Grafibulle<\/h4>\n<p>Vous pouvez ici vous abonner \u00e0 la Lettre d&#8217;info, pour \u00eatre tenu(e) au courant des publications sur Grafibulle.net &#8211; La Lettre est ponctuelle : envoy\u00e9e que pour de &#8220;nouvelles&#8221; nouvelles \ud83d\ude00\u00a0<\/p>\n\n\n<script>(function() {\n\twindow.mc4wp = window.mc4wp || {\n\t\tlisteners: [],\n\t\tforms: {\n\t\t\ton: function(evt, cb) {\n\t\t\t\twindow.mc4wp.listeners.push(\n\t\t\t\t\t{\n\t\t\t\t\t\tevent   : evt,\n\t\t\t\t\t\tcallback: cb\n\t\t\t\t\t}\n\t\t\t\t);\n\t\t\t}\n\t\t}\n\t}\n})();\n<\/script><!-- Mailchimp for WordPress v4.12.1 - https:\/\/wordpress.org\/plugins\/mailchimp-for-wp\/ --><form id=\"mc4wp-form-1\" class=\"mc4wp-form mc4wp-form-1122 mc4wp-form-basic\" method=\"post\" data-id=\"1122\" data-name=\"S&#039;abonner \u00e0 la Lettre de Grafibulle\" ><div class=\"mc4wp-form-fields\"><center><p>\r\n  \r\n\r\n  <\/p>\r\n<h4>Recevoir la Lettre de Grafibulle<\/h4>\r\n<p>\r\n\r\n+ Nouveaux dessins & produits illustr\u00e9s \r\n  \r\n+ Ev\u00e8nements IRL locaux \r\n  \r\n<BR\/>+ Articles sur la cr\u00e9ativit\u00e9\r\n  \r\n+ Tutos dessins en vid\u00e9o +<p>\r\n\r\n  <p>\r\n<label>Pseudo ou pr\u00e9nom<\/label>\r\n    <input type=\"text\" name=\"FNAME\">\r\n\t<BR\/><BR\/>\r\n    <label>Votre adresse email pr\u00e9f\u00e9r\u00e9e<\/label>\r\n\t<input type=\"email\" name=\"EMAIL\" required \/> <BR\/><BR\/> \r\n    \r\n<\/p>\r\n  \r\n\r\n<p>\r\n\t<input type=\"submit\" value=\"Je m'inscris\" \/>\r\n<\/p>\r\n<\/center><\/div><label style=\"display: none !important;\">Laissez ce champ vide si vous \u00eates humain\u00a0: <input type=\"text\" name=\"_mc4wp_honeypot\" value=\"\" tabindex=\"-1\" autocomplete=\"off\" \/><\/label><input type=\"hidden\" name=\"_mc4wp_timestamp\" value=\"1775533903\" \/><input type=\"hidden\" name=\"_mc4wp_form_id\" value=\"1122\" \/><input type=\"hidden\" name=\"_mc4wp_form_element_id\" value=\"mc4wp-form-1\" \/><div class=\"mc4wp-response\"><\/div><\/form><!-- \/ Mailchimp for WordPress Plugin -->\n\n\n<div class=\"wp-block-image\">\n<figure class=\"aligncenter size-large is-resized\"><img data-recalc-dims=\"1\" loading=\"lazy\" decoding=\"async\" width=\"1024\" height=\"986\" data-attachment-id=\"9157\" data-permalink=\"https:\/\/grafibulle.net\/happy-graphics\/?attachment_id=9157\" data-orig-file=\"https:\/\/i0.wp.com\/grafibulle.net\/happy-graphics\/wp-content\/uploads\/2024\/07\/IMG_0423.png?fit=1394%2C1342&amp;ssl=1\" data-orig-size=\"1394,1342\" data-comments-opened=\"1\" data-image-meta=\"{&quot;aperture&quot;:&quot;0&quot;,&quot;credit&quot;:&quot;&quot;,&quot;camera&quot;:&quot;&quot;,&quot;caption&quot;:&quot;&quot;,&quot;created_timestamp&quot;:&quot;0&quot;,&quot;copyright&quot;:&quot;&quot;,&quot;focal_length&quot;:&quot;0&quot;,&quot;iso&quot;:&quot;0&quot;,&quot;shutter_speed&quot;:&quot;0&quot;,&quot;title&quot;:&quot;&quot;,&quot;orientation&quot;:&quot;0&quot;}\" data-image-title=\"avatar peyrine\" data-image-description=\"\" data-image-caption=\"\" data-medium-file=\"https:\/\/i0.wp.com\/grafibulle.net\/happy-graphics\/wp-content\/uploads\/2024\/07\/IMG_0423.png?fit=300%2C289&amp;ssl=1\" data-large-file=\"https:\/\/i0.wp.com\/grafibulle.net\/happy-graphics\/wp-content\/uploads\/2024\/07\/IMG_0423.png?fit=1024%2C986&amp;ssl=1\" src=\"https:\/\/i0.wp.com\/grafibulle.net\/happy-graphics\/wp-content\/uploads\/2024\/07\/IMG_0423.png?resize=1024%2C986&#038;ssl=1\" alt=\"\" class=\"wp-image-9157\" style=\"aspect-ratio:1;object-fit:cover;width:150px\" srcset=\"https:\/\/i0.wp.com\/grafibulle.net\/happy-graphics\/wp-content\/uploads\/2024\/07\/IMG_0423.png?resize=1024%2C986&amp;ssl=1 1024w, https:\/\/i0.wp.com\/grafibulle.net\/happy-graphics\/wp-content\/uploads\/2024\/07\/IMG_0423.png?resize=300%2C289&amp;ssl=1 300w, https:\/\/i0.wp.com\/grafibulle.net\/happy-graphics\/wp-content\/uploads\/2024\/07\/IMG_0423.png?resize=768%2C739&amp;ssl=1 768w, https:\/\/i0.wp.com\/grafibulle.net\/happy-graphics\/wp-content\/uploads\/2024\/07\/IMG_0423.png?w=1394&amp;ssl=1 1394w\" sizes=\"auto, (max-width: 1024px) 100vw, 1024px\" \/><\/figure>\n<\/div>\n\n\n<p style=\"text-align: center;\"><a href=\"https:\/\/grafibulle.net\/happy-graphics\/mentions-legales\/\" target=\"_blank\" rel=\"noopener\">Lire la politique de confidentialit\u00e9<\/a><\/p>\n<p style=\"text-align: center;\">Vous n&#8217;\u00eates pas certain(e) d&#8217;\u00eatre int\u00e9ress\u00e9(e) par ma Lettre d\u2019information ? Aucun probl\u00e8me. Au bas de chacune de mes Lettres, vous trouverez un lien direct pour vous d\u00e9sinscrire (sans conditions, \u00e0 tout moment) !<\/p>\n\n\n\n\n\n\n\n<div style=\"height:273px\" aria-hidden=\"true\" class=\"wp-block-spacer\"><\/div>\n","protected":false},"excerpt":{"rendered":"<p>Inscription \u00e0 la Lettre de Grafibulle<\/p>\n","protected":false},"author":1,"featured_media":0,"parent":0,"menu_order":0,"comment_status":"closed","ping_status":"closed","template":"","meta":{"_aioseo_title":"Inscription \u00e0 la Lettre de Grafibulle","_aioseo_description":"... Pour recevoir toutes les infos !","_surecart_dashboard_logo_width":"180px","_surecart_dashboard_show_logo":true,"_surecart_dashboard_navigation_orders":true,"_surecart_dashboard_navigation_invoices":true,"_surecart_dashboard_navigation_subscriptions":true,"_surecart_dashboard_navigation_downloads":true,"_surecart_dashboard_navigation_billing":true,"_surecart_dashboard_navigation_account":true,"neve_meta_sidebar":"","neve_meta_container":"","neve_meta_enable_content_width":"","neve_meta_content_width":0,"neve_meta_title_alignment":"","neve_meta_author_avatar":"","neve_post_elements_order":"","neve_meta_disable_header":"","neve_meta_disable_footer":"","neve_meta_disable_title":"","advanced_seo_description":"","jetpack_seo_html_title":"","jetpack_seo_noindex":false,"footnotes":""},"class_list":["post-2387","page","type-page","status-publish"],"jetpack_sharing_enabled":true,"jetpack_shortlink":"https:\/\/wp.me\/P7HfPq-Cv","_links":{"self":[{"href":"https:\/\/grafibulle.net\/happy-graphics\/wp-json\/wp\/v2\/pages\/2387","targetHints":{"allow":["GET"]}}],"collection":[{"href":"https:\/\/grafibulle.net\/happy-graphics\/wp-json\/wp\/v2\/pages"}],"about":[{"href":"https:\/\/grafibulle.net\/happy-graphics\/wp-json\/wp\/v2\/types\/page"}],"author":[{"embeddable":true,"href":"https:\/\/grafibulle.net\/happy-graphics\/wp-json\/wp\/v2\/users\/1"}],"replies":[{"embeddable":true,"href":"https:\/\/grafibulle.net\/happy-graphics\/wp-json\/wp\/v2\/comments?post=2387"}],"version-history":[{"count":27,"href":"https:\/\/grafibulle.net\/happy-graphics\/wp-json\/wp\/v2\/pages\/2387\/revisions"}],"predecessor-version":[{"id":13149,"href":"https:\/\/grafibulle.net\/happy-graphics\/wp-json\/wp\/v2\/pages\/2387\/revisions\/13149"}],"wp:attachment":[{"href":"https:\/\/grafibulle.net\/happy-graphics\/wp-json\/wp\/v2\/media?parent=2387"}],"curies":[{"name":"wp","href":"https:\/\/api.w.org\/{rel}","templated":true}]}}